{"id":217,"date":"2025-10-21T18:42:19","date_gmt":"2025-10-21T18:42:19","guid":{"rendered":"https:\/\/golflandcard.de\/?page_id=217"},"modified":"2026-01-21T13:17:02","modified_gmt":"2026-01-21T13:17:02","slug":"obchodni-podminky","status":"publish","type":"page","link":"https:\/\/golflandcard.de\/cs\/obchodni-podminky\/","title":{"rendered":"Obchodn\u00ed podm\u00ednky"},"content":{"rendered":"<div data-elementor-type=\"wp-page\" data-elementor-id=\"217\" class=\"elementor elementor-217\" data-elementor-post-type=\"page\">\n\t\t\t\t<div class=\"elementor-element elementor-element-e9d6737 e-flex e-con-boxed e-con e-parent\" data-id=\"e9d6737\" data-element_type=\"container\" data-e-type=\"container\">\n\t\t\t\t\t<div class=\"e-con-inner\">\n\t\t\t\t<div class=\"elementor-element elementor-element-9e49ced elementor-widget elementor-widget-text-editor\" data-id=\"9e49ced\" data-element_type=\"widget\" data-e-type=\"widget\" data-widget_type=\"text-editor.default\">\n\t\t\t\t\t\t\t\t\t<section style=\"overflow: hidden; position: relative; caret-color: #454545; color: #454545; font-family: Inter, sans-serif; font-size: 16.559999px;\"><div class=\"container\" style=\"width: 1275.109375px; padding-right: 16px; padding-left: 16px; max-width: 77rem;\"><h1 style=\"line-height: 1.2; letter-spacing: -0.02em; color: black; font-size: var(--text-6xl); margin-top: 1.7rem !important; margin-bottom: 0.8rem !important; text-align: center;\">V\u0161eobecn\u00e9 obchodn\u00ed podm\u00ednky<\/h1><\/div><\/section><section class=\"layout-pt-xs layout-pb-md\" style=\"overflow: hidden; position: relative; padding-top: 2.5rem; padding-bottom: 5rem; caret-color: #454545; color: #454545; font-family: Inter, sans-serif; font-size: 16.559999px;\"><div class=\"animated\" style=\"pointer-events: auto;\" data-anim-wrap=\"\"><div class=\"container\" style=\"width: 1275.109375px; padding-right: 16px; padding-left: 16px; max-width: 77rem;\"><div class=\"row justify-content-between\" style=\"display: flex; flex-wrap: wrap; margin-right: -16px; margin-left: -16px; justify-content: space-between;\"><div class=\"col-md\" style=\"position: relative; width: 1275.109375px; padding-right: 16px; padding-left: 16px; flex-basis: 0px; flex-grow: 1; min-width: 0px; max-width: 100%;\"><p style=\"line-height: 1.2; letter-spacing: -0.02em; color: black; font-size: var(--text-5xl); margin-top: 1.7rem !important; margin-bottom: 0.8rem !important; font-weight: 400 !important;\">V\u0161eobecn\u00e9 obchodn\u00ed podm\u00ednky spole\u010dnosti First Class Golf GmbH &amp; Co. KG, Hangweg 9, D-93138 Lappersdorf<\/p><p style=\"margin-bottom: 1rem !important;\">GolflandCard je sdru\u017een\u00ed z\u00fa\u010dastn\u011bn\u00fdch golfov\u00fdch klub\u016f, hotel\u016f a dal\u0161\u00edch partner\u016f, pln\u011b organizovan\u00e9 a \u0159\u00edzen\u00e9 First Class Golf GmbH &amp; Co KG. Mluv\u010d\u00edmi sdru\u017een\u00ed jsou Johann Wolf (Golfclub Straubing Stadt und Land e. V.), Florian Erhardsberger (Golfanlagen G\u00e4uboden und Schlo\u00dfberg) a Franz Austen. Poradn\u00ed v\u00fdbor pro reklamu tvo\u0159\u00ed Susanne Wolf, Nicole Weber, Florian Erhardsberger a Franz Austen.<\/p><p style=\"margin-bottom: 1rem !important;\">Spole\u010dnost First Class Golf GmbH &amp; Co KG je vydavatelem karty GolflandCard, bro\u017eury s pouk\u00e1zkami, sady pouk\u00e1zek a souvisej\u00edc\u00edch ti\u0161t\u011bn\u00fdch a internetov\u00fdch produkt\u016f.<br \/>GolflandCard, stejn\u011b jako webov\u00e9 str\u00e1nky, bro\u017eury s pouk\u00e1zkami, bro\u017eury a souvisej\u00edc\u00ed ti\u0161t\u011bn\u00e9 produkty, v\u010detn\u011b webov\u00fdch str\u00e1nek www.golflandcard.de, vytv\u00e1\u0159\u00ed spole\u010dnost First Class Golf GmbH &amp; Co. KG, a to bu\u010f p\u0159\u00edmo, nebo jm\u00e9nem z\u00e1jmov\u00e9 skupiny a na vlastn\u00ed n\u00e1klady. Organizace a distribuce\/prodej z\u016fst\u00e1vaj\u00ed v\u00fdhradn\u011b v rukou spole\u010dnosti First Class Golf GmbH &amp; Co. KG.<\/p><p style=\"margin-bottom: 1rem !important;\">Autorsk\u00e1 pr\u00e1va, zejm\u00e9na pr\u00e1vo na reprodukci, distribuci a ve\u0159ejn\u00e9 zobrazov\u00e1n\u00ed v jak\u00e9koli form\u011b, v\u010detn\u011b pou\u017eit\u00ed v elektronick\u00fdch m\u00e9di\u00edch, reprografick\u00e9 reprodukce, digit\u00e1ln\u00ed distribuce a za\u0159azen\u00ed do datab\u00e1z\u00ed, jsou v\u00fdslovn\u011b vyhrazena. Text a kapitoly bro\u017eur, katalog\u016f nebo prospekt\u016f, jako\u017e i online publikac\u00ed, odr\u00e1\u017eej\u00ed v\u00fdhradn\u011b n\u00e1zor autora. D\u00edlo nesm\u00ed b\u00fdt reprodukov\u00e1no, a to ani z\u010d\u00e1sti, bez svolen\u00ed autora.<\/p><p style=\"margin-bottom: 1rem !important;\">Z\u00e1konn\u00e1 ustanoven\u00ed V\u0161eobecn\u00fdch obchodn\u00edch podm\u00ednek plat\u00ed s v\u00fdjimkou n\u00e1sleduj\u00edc\u00edch bod\u016f:<\/p><p style=\"margin-bottom: 1rem !important;\">Z\u00fa\u010dastn\u011bn\u00e9 golfov\u00e9 kluby a provozovatel\u00e9 golfov\u00fdch h\u0159i\u0161\u0165 poskytuj\u00ed dr\u017eitel\u016fm karty GolflandCard 50% slevu na aktu\u00e1ln\u00ed 18jamkov\u00e9 green fee a dle vlastn\u00edho uv\u00e1\u017een\u00ed nab\u00edzej\u00ed dal\u0161\u00ed cenov\u00e9 v\u00fdhody na b\u00e1zi poukaz\u016f v ti\u0161t\u011bn\u00fdch a online prezentac\u00edch spole\u010dnosti First Class Golf GmbH &amp; Co. KG. P\u0159ijet\u00edm nebo zakoupen\u00edm karty GolflandCard dr\u017eitel t\u00e9to slevov\u00e9 karty souhlas\u00ed s t\u00edm, \u017ee bude m\u011bs\u00ed\u010dn\u011b nebo pro konkr\u00e9tn\u00ed akci zas\u00edlat newsletter, a to bu\u010f od golfov\u00e9ho klubu, nebo od spole\u010dnosti First Class Golf GmbH &amp; Co. KG.<\/p><p style=\"margin-bottom: 1rem !important;\">V\u00fdslovn\u011b se zd\u016fraz\u0148uje, \u017ee hern\u00ed pr\u00e1va s kartou GolflandCard nelze vym\u00e1hat. To plat\u00ed zejm\u00e9na pro klubov\u00e9 akce, turnaje, \u00fadr\u017ebu h\u0159i\u0161\u0165 nebo v p\u0159\u00edpadech neshod mezi golfov\u00fdmi kluby nebo provozovateli golfov\u00fdch h\u0159i\u0161\u0165, kte\u0159\u00ed jsou \u010dleny z\u00e1jmov\u00e9 skupiny GolflandCard.<\/p><p style=\"margin-bottom: 1rem !important;\">Platnost karty Golfland<\/p><p style=\"margin-bottom: 1rem !important;\">B\u011bhem golfov\u00e9 sez\u00f3ny se do s\u00edt\u011b GolflandCard p\u0159ipojuje st\u00e1le v\u00edce golfov\u00fdch klub\u016f, kter\u00e9 dr\u017eitel\u016fm karty GolflandCard nab\u00edzej\u00ed slevu na green fee. Naopak n\u011bkter\u00e9 golfov\u00e9 kluby ze s\u00edt\u011b odstupuj\u00ed a tuto 50% slevu na green fee dr\u017eitel\u016fm karty GolflandCard ji\u017e nenab\u00edzej\u00ed. Aktu\u00e1ln\u00ed stav naleznete online na adrese: www.golflandcard.de\/Golfclubs<br \/>Neneseme \u017e\u00e1dnou odpov\u011bdnost za slevy na green fee, kter\u00e9 nebyly poskytnuty v golfov\u00fdch klubech, kter\u00e9 vystoupily z \u010dlenstv\u00ed.<\/p><p style=\"margin-bottom: 1rem !important;\">Golfov\u00e1 h\u0159i\u0161t\u011b pat\u0159\u00edc\u00ed do asociace nenab\u00edzej\u00ed \u017e\u00e1dn\u00e9 slevy na green fee ani slevy na ji\u017e sn\u00ed\u017een\u00e9 green fee, jako jsou slevy nebo slevy na zimn\u00ed green fee, vouchery atd.<\/p><p style=\"margin-bottom: 1rem !important;\">Koncept<\/p><p style=\"margin-bottom: 1rem !important;\">Koncept z\u00e1jmov\u00e9 skupiny GolflandCard vyvinula spole\u010dnost First Class Golf GmbH &amp; Co. KG. Pr\u00e1va k textu a logu pat\u0159\u00ed spole\u010dnosti First Class Golf GmbH &amp; Co. KG.<\/p><p style=\"margin-bottom: 1rem !important;\">Poukaz<\/p><p>Poukazy nab\u00edzen\u00e9 v knize poukaz\u016f, katalogu, bro\u017eur\u00e1ch a let\u00e1c\u00edch nebo na webov\u00fdch str\u00e1nk\u00e1ch jsou nez\u00e1vazn\u00fdmi nab\u00eddkami jednotliv\u00fdch golfov\u00fdch klub\u016f, golfov\u00fdch h\u0159i\u0161\u0165, hotel\u016f a partnersk\u00fdch podnik\u016f z\u00e1jmov\u00e9 skupiny GolflandCard, za kter\u00e9 spole\u010dnost First Class Golf GmbH &amp; Co KG nep\u0159eb\u00edr\u00e1 \u017e\u00e1dnou odpov\u011bdnost ani z\u00e1ruku.<\/p><p>Sout\u011b\u017ee<\/p><p style=\"margin-bottom: 1rem !important;\">Ozn\u00e1men\u00ed t\u00fdkaj\u00edc\u00ed se GDPR (obecn\u00e9ho na\u0159\u00edzen\u00ed o ochran\u011b osobn\u00edch \u00fadaj\u016f). Po\u0161tovn\u00ed nebo e-mailov\u00e9 adresy uveden\u00e9 \u00fa\u010dastn\u00edky slosov\u00e1n\u00ed o ceny e-mailem, dopisem nebo ti\u0161t\u011bnou formou mohou b\u00fdt sd\u00edleny se z\u00fa\u010dastn\u011bn\u00fdmi golfov\u00fdmi kluby, hotely a sponzory. Odesl\u00e1n\u00edm sv\u00fdch \u00fadaj\u016f \u00fa\u010dastn\u00edci slosov\u00e1n\u00ed o ceny souhlas\u00ed s t\u00edm, \u017ee golfov\u00e9 kluby, hotely a sponzo\u0159i, kte\u0159\u00ed poskytli ceny, mohou \u00fa\u010dastn\u00edk\u016fm slosov\u00e1n\u00ed o ceny tak\u00e9 zas\u00edlat newslettery. Obdobn\u011b m\u016f\u017ee spole\u010dnost First Class Golf GmbH &amp; Co KG jm\u00e9nem sdru\u017een\u00ed Golfland Donau &amp; Partner zas\u00edlat \u00fa\u010dastn\u00edk\u016fm slosov\u00e1n\u00ed o ceny vlastn\u00ed newslettery a\/nebo sd\u011blen\u00ed.<\/p><p style=\"margin-bottom: 1rem !important;\">omezen\u00ed<\/p><p style=\"margin-bottom: 1rem !important;\">Golfov\u00fd klub nebo provozovatel m\u016f\u017ee kdykoli uvalit omezen\u00ed, restrikce hern\u00edch pr\u00e1v nebo dokonce odep\u0159en\u00ed hern\u00edch pr\u00e1v podle t\u011bchto p\u0159edpis\u016f. Propaga\u010dn\u00ed nab\u00eddky, nap\u0159. nab\u00eddky zalo\u017een\u00e9 na pouk\u00e1zk\u00e1ch poskytuj\u00edc\u00ed slevu na green fee vy\u0161\u0161\u00ed ne\u017e 50%, plat\u00ed obecn\u011b pouze od pond\u011bl\u00ed do \u010dtvrtka. Nelze je kombinovat se st\u00e1vaj\u00edc\u00edmi speci\u00e1ln\u00edmi nab\u00eddkami. Hern\u00ed pr\u00e1va nem\u016f\u017ee vym\u00e1hat \u017e\u00e1dn\u00fd dr\u017eitel karty GolflandCard. Kartu GolflandCard s kn\u00ed\u017ekou pouk\u00e1zek lze zakoupit v kter\u00e9mkoli ze z\u00fa\u010dastn\u011bn\u00fdch golfov\u00fdch klub\u016f, provozovatel\u016f golfov\u00fdch h\u0159i\u0161\u0165 a hotel\u016f nebo online. Karta GolflandCard je platn\u00e1 jeden kalend\u00e1\u0159n\u00ed rok. Spole\u010dnost First Class Golf GmbH &amp; Co. KG distribuuje tuto slevovou kartu bez z\u00e1ruky nebo odpov\u011bdnosti za golf nebo pen\u011b\u017en\u00ed v\u00fdhody, kter\u00e9 tato slevov\u00e1 karta nab\u00edz\u00ed. Pou\u017e\u00edv\u00e1n\u00edm karty GolflandCard dr\u017eitel pln\u011b souhlas\u00ed s obchodn\u00edmi podm\u00ednkami spole\u010dnosti First Class Golf GmbH &amp; Co. KG, a tedy i sdru\u017een\u00ed GolflandCard. Tyto podm\u00ednky naleznete online na adrese https:\/\/www.first-class-golf.com\/agb nebo www.golflandcard\/agb<\/p><p style=\"margin-bottom: 1rem !important;\">Poradn\u00ed sbor GolflandCard<\/p><p style=\"margin-bottom: 1rem !important;\">Poradn\u00ed sbor GolflandCard se skl\u00e1d\u00e1 a\u017e z p\u011bti \u010dlen\u016f, jejich\u017e \u010dinnost je v\u00fdhradn\u011b poradn\u00ed a nerozhoduj\u00edc\u00ed.<\/p><p style=\"margin-bottom: 1rem !important;\">Ukon\u010den\u00ed<\/p><p style=\"margin-bottom: 1rem !important;\">\u010clenstv\u00ed lze ka\u017edoro\u010dn\u011b zru\u0161it bez ud\u00e1n\u00ed d\u016fvodu p\u00edsemnou v\u00fdpov\u011bd\u00ed do 25. z\u00e1\u0159\u00ed ka\u017ed\u00e9ho kalend\u00e1\u0159n\u00edho roku s \u00fa\u010dinnost\u00ed od 31. prosince. Pokud do tohoto data nebude pod\u00e1no \u017e\u00e1dn\u00e9 ozn\u00e1men\u00ed o zru\u0161en\u00ed, bude smlouva automaticky prodlou\u017eena o dal\u0161\u00ed kalend\u00e1\u0159n\u00ed rok. V p\u0159\u00edpad\u011b zru\u0161en\u00ed ze strany golfov\u00e9ho klubu nebo provozovatele z\u016fst\u00e1v\u00e1 sleva na green fee (50%) ud\u011blen\u00e1 hr\u00e1\u010d\u016fm s \u201eGolfland Donau VIP \u010dlenskou kartou\u201c golfov\u00fdm klubem nebo provozovatelem platn\u00e1 do 31. prosince roku, v n\u011bm\u017e do\u0161lo ke zru\u0161en\u00ed.<br \/>Pokud golfov\u00fd klub nebo provozn\u00ed spole\u010dnost opust\u00ed asociaci na z\u00e1klad\u011b ozn\u00e1men\u00ed a p\u0159eje si se znovu p\u0159ipojit, poradn\u00ed sbor Golflandcard poskytne radu ohledn\u011b op\u011btovn\u00e9ho vstupu.<\/p><p style=\"margin-bottom: 1rem !important;\">Podm\u00ednky pro golfisty<\/p><p style=\"margin-bottom: 1rem !important;\">Poukazy a sleva plat\u00ed v\u00fdhradn\u011b pro 18jamkov\u00e1 kola hry.<br \/>Poukazy mohou uplatnit pouze golfist\u00e9 s povolen\u00edm k hran\u00ed (znalost h\u0159i\u0161t\u011b nebo po\u017eadovan\u00fd HCP dle Sv\u011btov\u00e9ho handicapov\u00e9ho syst\u00e9mu).<br \/>Sleva na green fee 50% plat\u00ed pro ka\u017ed\u00e9ho jednotlivce.\u00a0<br \/>Pr\u00e1vo hr\u00e1t nelze vym\u00e1hat.<br \/>Poukazy neplat\u00ed pro speci\u00e1ln\u00ed akce, turnaje ani ve dny vyzna\u010den\u00e9 v knize poukaz\u016f nebo na internetu (na www.golflandcard.de), nap\u0159. platn\u00e9 pouze od pond\u011bl\u00ed do p\u00e1tku atd.<br \/>\u010cas na odpali\u0161t\u011b je nutn\u00e9 rezervovat p\u0159edem, a to bu\u010f na webov\u00fdch str\u00e1nk\u00e1ch golfov\u00e9ho h\u0159i\u0161t\u011b, telefonicky nebo e-mailem.<br \/>Tuto nab\u00eddku nelze kombinovat s jin\u00fdmi slevami.\u00a0<br \/>V\u0161ichni partne\u0159i asociace GolflandCard se sna\u017e\u00ed uplatnit pouk\u00e1zky v souladu se sv\u00fdmi stanoven\u00fdmi podm\u00ednkami. Spole\u010dnost First Class Golf GmbH &amp; Co KG v\u0161ak nep\u0159eb\u00edr\u00e1 \u017e\u00e1dnou odpov\u011bdnost za p\u0159\u00edpadn\u00e9 neuplatn\u011bn\u00ed golfov\u00fdch pouk\u00e1zek. M\u016f\u017ee to b\u00fdt zp\u016fsobeno zm\u011bnou vlastnictv\u00ed, uzav\u0159en\u00edm h\u0159i\u0161t\u011b z d\u016fvodu pov\u011btrnostn\u00edch podm\u00ednek nebo insolvenc\u00ed. Za jak\u00e9koli neshody a n\u00e1roky na n\u00e1hradu \u0161kody nese v\u00fdhradn\u00ed odpov\u011bdnost golfov\u00fd klub nebo provozovatel golfov\u00e9ho h\u0159i\u0161t\u011b. Vydavatel GolflandCard proto rovn\u011b\u017e nep\u0159eb\u00edr\u00e1 \u017e\u00e1dnou odpov\u011bdnost za \u00faplnost jak\u00e9koli reklamy zve\u0159ejn\u011bn\u00e9 v ti\u0161t\u011bn\u00fdch nebo jin\u00fdch m\u00e9di\u00edch souvisej\u00edc\u00edch s produkty GolflandCard.<\/p><p>Vezm\u011bte pros\u00edm na v\u011bdom\u00ed ve\u0161ker\u00e1 omezen\u00ed pro handicap na golfov\u00e9m h\u0159i\u0161ti. Informace o nich naleznete na webov\u00fdch str\u00e1nk\u00e1ch golfov\u00e9ho h\u0159i\u0161t\u011b.<\/p><p>U\u017eivatel VIP \u010dlensk\u00e9 karty nebo pouk\u00e1zkov\u00e9 kn\u00ed\u017eky t\u00edmto souhlas\u00ed s t\u00edm, aby byl kontaktov\u00e1n e-mailem nebo newsletterem. Toto pr\u00e1vo m\u016f\u017ee kdykoli odvolat.<\/p><p style=\"margin-bottom: 1rem !important;\">Spole\u010dnost First Class Golf GmbH &amp; Co KG, jako\u017eto vydavatel GolflandCard, vynakl\u00e1d\u00e1 ve\u0161ker\u00e9 \u00fasil\u00ed k zaji\u0161t\u011bn\u00ed p\u0159esnosti inzer\u00e1t\u016f. Nep\u0159eb\u00edr\u00e1 v\u0161ak \u017e\u00e1dnou odpov\u011bdnost za sazebn\u00ed nebo tiskov\u00e9 chyby v ti\u0161t\u011bn\u00fdch nebo elektronick\u00fdch m\u00e9di\u00edch.<\/p><p style=\"margin-bottom: 1rem !important;\">Zm\u011bny a dopl\u0148ky budou zve\u0159ejn\u011bny na internetu.<\/p><p style=\"margin-bottom: 1rem !important;\">Lappersdorf, 19. dubna 2022<\/p><p style=\"margin-bottom: 1rem !important;\">1. dodatek: Lappersdorf, 23. z\u00e1\u0159\u00ed 2025<\/p><\/div><\/div><\/div><\/div><\/section>\t\t\t\t\t\t\t\t<\/div>\n\t\t\t\t\t<\/div>\n\t\t\t\t<\/div>\n\t\t\t\t<\/div>","protected":false},"excerpt":{"rendered":"<p>Allgemeine Gesch\u00e4ftsbedingungen Allgemeine Gesch\u00e4ftsbedingungen der First Class Golf GmbH &amp; Co. KG, Hangweg 9, D-93138 Lappersdorf Die GolflandCard ist eine Interessen Gemeinschaft von teilnehmenden Golfclubs, Hotels und weiteren Kooperationspartnern, die von der First Class Golf GmbH &amp; Co KG vollumf\u00e4nglich organisiert und verwaltet wird. Sprecher der Interessen Gemeinschaft ist Johann Wolf (Golfclub Straubing Stadt und [&hellip;]<\/p>\n","protected":false},"author":1,"featured_media":0,"parent":0,"menu_order":0,"comment_status":"closed","ping_status":"closed","template":"","meta":{"_acf_changed":false,"footnotes":""},"class_list":["post-217","page","type-page","status-publish","hentry"],"acf":[],"_links":{"self":[{"href":"https:\/\/golflandcard.de\/cs\/wp-json\/wp\/v2\/pages\/217","targetHints":{"allow":["GET"]}}],"collection":[{"href":"https:\/\/golflandcard.de\/cs\/wp-json\/wp\/v2\/pages"}],"about":[{"href":"https:\/\/golflandcard.de\/cs\/wp-json\/wp\/v2\/types\/page"}],"author":[{"embeddable":true,"href":"https:\/\/golflandcard.de\/cs\/wp-json\/wp\/v2\/users\/1"}],"replies":[{"embeddable":true,"href":"https:\/\/golflandcard.de\/cs\/wp-json\/wp\/v2\/comments?post=217"}],"version-history":[{"count":0,"href":"https:\/\/golflandcard.de\/cs\/wp-json\/wp\/v2\/pages\/217\/revisions"}],"wp:attachment":[{"href":"https:\/\/golflandcard.de\/cs\/wp-json\/wp\/v2\/media?parent=217"}],"curies":[{"name":"wp","href":"https:\/\/api.w.org\/{rel}","templated":true}]}}