{"id":220,"date":"2025-10-21T18:42:51","date_gmt":"2025-10-21T18:42:51","guid":{"rendered":"https:\/\/golflandcard.de\/?page_id=220"},"modified":"2025-10-21T18:46:05","modified_gmt":"2025-10-21T18:46:05","slug":"otisk","status":"publish","type":"page","link":"https:\/\/golflandcard.de\/cs\/otisk\/","title":{"rendered":"otisk"},"content":{"rendered":"<div data-elementor-type=\"wp-page\" data-elementor-id=\"220\" class=\"elementor elementor-220\" data-elementor-post-type=\"page\">\n\t\t\t\t<div class=\"elementor-element elementor-element-236f68bf e-flex e-con-boxed e-con e-parent\" data-id=\"236f68bf\" data-element_type=\"container\" data-e-type=\"container\">\n\t\t\t\t\t<div class=\"e-con-inner\">\n\t\t\t\t<div class=\"elementor-element elementor-element-7d900919 elementor-widget elementor-widget-text-editor\" data-id=\"7d900919\" data-element_type=\"widget\" data-e-type=\"widget\" data-widget_type=\"text-editor.default\">\n\t\t\t\t\t\t\t\t\t<section>\n<div class=\"container\">\n<div>\n<h1>otisk<\/h1>\n<\/div>\n<\/div>\n<\/section>\n<section class=\"layout-pt-xs layout-pb-md\">\n<div class=\"animated\" data-anim-wrap=\"\">\n<div class=\"container\">\n<div class=\"row justify-content-between\">\n<div class=\"col-md\">\n<p>First Class Golf GmbH &amp; Co. KG<br \/>Hangweg 9<br \/>93138 Lappersdorf \/ Hainsacker<\/p>\n<p>Obchodn\u00ed rejst\u0159\u00edk: HRA 8983<br \/>Obchodn\u00ed rejst\u0159\u00edk: \u0158ezno<\/p>\n<p><strong>Zastoupen\u00ed \/ Zastoupeni \/ Veden\u00ed<\/strong><\/p>\n<p>Spole\u010dnost First Class Golf GmbH &amp; Co. KG je zastoupena jej\u00edm osobn\u011b ru\u010d\u00edc\u00edm spole\u010dn\u00edkem, spole\u010dnost\u00ed First Class Golf Verwaltungs GmbH (Registergericht: Regensburg; registra\u010dn\u00ed \u010d\u00edslo: HRB 14093), kterou zase zastupuje jej\u00ed jednatelka Christina Lohrentz, oba se s\u00eddlem na adrese Hangweg 9, 93138 Lappersorf.<\/p>\n<h2>kontakt<\/h2>\n<p>Telefon: 0941 46521466<br \/>Fax: 0941 8702889<br \/>E-mail: info@first-class-golf.com<\/p>\n<h2>DI\u010c<\/h2>\n<p>DI\u010c dle \u00a7 27a n\u011bmeck\u00e9ho z\u00e1kona o DPH:<br \/>DE815489567<\/p>\n<h2>\u0158e\u0161en\u00ed spor\u016f v EU<\/h2>\n<p>Evropsk\u00e1 komise poskytuje platformu pro online \u0159e\u0161en\u00ed spor\u016f (ODR): <a href=\"https:\/\/ec.europa.eu\/consumers\/odr\/\" target=\"_blank\" rel=\"noopener noreferrer\">https:\/\/ec.europa.eu\/consumers\/odr\/<\/a>.<br \/>Na\u0161i e-mailovou adresu naleznete v\u00fd\u0161e v pr\u00e1vn\u00edm upozorn\u011bn\u00ed.<\/p>\n<h2>\u0158e\u0161en\u00ed spot\u0159ebitelsk\u00fdch spor\u016f \/ Univerz\u00e1ln\u00ed rozhod\u010d\u00ed org\u00e1n<\/h2>\n<p>Nejsme ani ochotni, ani povinni \u00fa\u010dastnit se \u0159\u00edzen\u00ed o \u0159e\u0161en\u00ed spor\u016f p\u0159ed rozhod\u010d\u00ed komis\u00ed pro spot\u0159ebitele.<\/p>\n<h2>Zdroje pou\u017eit\u00fdch obr\u00e1zk\u016f a grafiky:<\/h2>\n<p>Fotografick\u00e9 agentury: Fotolia, Stock Photo, Shutterstock<br \/>Pr\u00e1va k obr\u00e1zku: Christina Lohrentz, <br \/>Obr\u00e1zky poskytnut\u00e9 inzerovan\u00fdmi hotely, golfov\u00fdmi h\u0159i\u0161ti, golfov\u00fdmi \u0161kolami a golfov\u00fdmi kluby.<\/p>\n<\/div>\n<\/div>\n<\/div>\n<\/div>\n<\/section>\t\t\t\t\t\t\t\t<\/div>\n\t\t\t\t\t<\/div>\n\t\t\t\t<\/div>\n\t\t\t\t<\/div>","protected":false},"excerpt":{"rendered":"<p>Impressum First Class Golf GmbH &amp; Co. KGHangweg 993138 Lappersdorf \/ Hainsacker Handelsregister: HRA 8983Registergericht: Regensburg Vertretung \/ Vertreten durch \/ Gesch\u00e4ftsf\u00fchrung Die First Class Golf GmbH &amp; Co. KG wird vertreten durch deren pers\u00f6nlich haftende Gesellschafterin, die First Class Golf Verwaltungs GmbH (Registergericht: Regensburg; Registernummer: HRB 14093), diese wiederum wird vertreten durch die Gesch\u00e4ftsf\u00fchrerin [&hellip;]<\/p>\n","protected":false},"author":1,"featured_media":0,"parent":0,"menu_order":0,"comment_status":"closed","ping_status":"closed","template":"","meta":{"_acf_changed":false,"footnotes":""},"class_list":["post-220","page","type-page","status-publish","hentry"],"acf":[],"_links":{"self":[{"href":"https:\/\/golflandcard.de\/cs\/wp-json\/wp\/v2\/pages\/220","targetHints":{"allow":["GET"]}}],"collection":[{"href":"https:\/\/golflandcard.de\/cs\/wp-json\/wp\/v2\/pages"}],"about":[{"href":"https:\/\/golflandcard.de\/cs\/wp-json\/wp\/v2\/types\/page"}],"author":[{"embeddable":true,"href":"https:\/\/golflandcard.de\/cs\/wp-json\/wp\/v2\/users\/1"}],"replies":[{"embeddable":true,"href":"https:\/\/golflandcard.de\/cs\/wp-json\/wp\/v2\/comments?post=220"}],"version-history":[{"count":0,"href":"https:\/\/golflandcard.de\/cs\/wp-json\/wp\/v2\/pages\/220\/revisions"}],"wp:attachment":[{"href":"https:\/\/golflandcard.de\/cs\/wp-json\/wp\/v2\/media?parent=220"}],"curies":[{"name":"wp","href":"https:\/\/api.w.org\/{rel}","templated":true}]}}