{"id":28,"date":"2025-10-21T12:03:03","date_gmt":"2025-10-21T12:03:03","guid":{"rendered":"https:\/\/golflandcard.de\/?page_id=28"},"modified":"2026-04-11T12:41:54","modified_gmt":"2026-04-11T12:41:54","slug":"zpravy","status":"publish","type":"page","link":"https:\/\/golflandcard.de\/cs\/zpravy\/","title":{"rendered":"zpr\u00e1vy"},"content":{"rendered":"<div data-elementor-type=\"wp-page\" data-elementor-id=\"28\" class=\"elementor elementor-28\" data-elementor-post-type=\"page\">\n\t\t\t\t<div class=\"elementor-element elementor-element-4195b19 e-flex e-con-boxed e-con e-parent\" data-id=\"4195b19\" data-element_type=\"container\" data-e-type=\"container\">\n\t\t\t\t\t<div class=\"e-con-inner\">\n\t\t\t\t<div class=\"elementor-element elementor-element-737cae2 elementor-widget elementor-widget-heading\" data-id=\"737cae2\" data-element_type=\"widget\" data-e-type=\"widget\" data-widget_type=\"heading.default\">\n\t\t\t\t\t<h2 class=\"elementor-heading-title elementor-size-default\">Novinky o GolflandCard<\/h2>\t\t\t\t<\/div>\n\t\t\t\t<div class=\"elementor-element elementor-element-8f3dbe9 elementor-widget elementor-widget-text-editor\" data-id=\"8f3dbe9\" data-element_type=\"widget\" data-e-type=\"widget\" data-widget_type=\"text-editor.default\">\n\t\t\t\t\t\t\t\t\t<p>Zde najdete nejnov\u011bj\u0161\u00ed zpr\u00e1vy a aktualizace o GolflandCard, v\u010detn\u011b informac\u00ed o z\u00fa\u010dastn\u011bn\u00fdch golfov\u00fdch klubech a nov\u00fdch partnerstv\u00edch.<\/p>\t\t\t\t\t\t\t\t<\/div>\n\t\t\t\t\t<\/div>\n\t\t\t\t<\/div>\n\t\t<div class=\"elementor-element elementor-element-66902db e-flex e-con-boxed e-con e-parent\" data-id=\"66902db\" data-element_type=\"container\" data-e-type=\"container\">\n\t\t\t\t\t<div class=\"e-con-inner\">\n\t\t\t\t<div class=\"elementor-element elementor-element-c88e1d7 elementor-widget elementor-widget-spacer\" data-id=\"c88e1d7\" data-element_type=\"widget\" data-e-type=\"widget\" data-widget_type=\"spacer.default\">\n\t\t\t\t\t\t\t<div class=\"elementor-spacer\">\n\t\t\t<div class=\"elementor-spacer-inner\"><\/div>\n\t\t<\/div>\n\t\t\t\t\t\t<\/div>\n\t\t\t\t\t<\/div>\n\t\t\t\t<\/div>\n\t\t<div class=\"elementor-element elementor-element-1907359 e-flex e-con-boxed e-con e-parent\" data-id=\"1907359\" data-element_type=\"container\" data-e-type=\"container\" data-settings=\"{&quot;background_background&quot;:&quot;classic&quot;}\">\n\t\t\t\t\t<div class=\"e-con-inner\">\n\t\t<div class=\"elementor-element elementor-element-d086b2e e-con-full e-flex e-con e-child\" data-id=\"d086b2e\" data-element_type=\"container\" data-e-type=\"container\">\n\t\t\t\t<div class=\"elementor-element elementor-element-fb8aa14 elementor-widget__width-initial elementor-widget elementor-widget-image\" data-id=\"fb8aa14\" data-element_type=\"widget\" data-e-type=\"widget\" data-widget_type=\"image.default\">\n\t\t\t\t\t\t\t\t\t\t\t\t\t\t\t<img fetchpriority=\"high\" decoding=\"async\" width=\"640\" height=\"427\" src=\"https:\/\/golflandcard.de\/wp-content\/uploads\/2026\/04\/K1024_IMG_4930-1024x683.jpg\" class=\"attachment-large size-large wp-image-3286\" alt=\"\" srcset=\"https:\/\/golflandcard.de\/wp-content\/uploads\/2026\/04\/K1024_IMG_4930-1024x683.jpg 1024w, https:\/\/golflandcard.de\/wp-content\/uploads\/2026\/04\/K1024_IMG_4930-300x200.jpg 300w, https:\/\/golflandcard.de\/wp-content\/uploads\/2026\/04\/K1024_IMG_4930-768x512.jpg 768w, https:\/\/golflandcard.de\/wp-content\/uploads\/2026\/04\/K1024_IMG_4930-18x12.jpg 18w, https:\/\/golflandcard.de\/wp-content\/uploads\/2026\/04\/K1024_IMG_4930.jpg 1152w\" sizes=\"(max-width: 640px) 100vw, 640px\" \/>\t\t\t\t\t\t\t\t\t\t\t\t\t\t\t<\/div>\n\t\t\t\t<\/div>\n\t\t<div class=\"elementor-element elementor-element-8f5244e e-con-full e-flex e-con e-child\" data-id=\"8f5244e\" data-element_type=\"container\" data-e-type=\"container\">\n\t\t\t\t<div class=\"elementor-element elementor-element-dee1451 elementor-widget elementor-widget-text-editor\" data-id=\"dee1451\" data-element_type=\"widget\" data-e-type=\"widget\" data-widget_type=\"text-editor.default\">\n\t\t\t\t\t\t\t\t\t<div class=\"sectionHeading -md is-in-view\" data-anim-child=\"slide-up\"><h6 style=\"color: #4a6073;\">NEU: Golfclub Bad Windsheim \u00a0<\/h6><\/div><div class=\"is-in-view\" data-anim-child=\"slide-up delay-1\"><p>N\u00e1\u0161 nejnov\u011bj\u0161\u00ed \u010dlen se t\u011b\u0161\u00ed na va\u0161i n\u00e1v\u0161t\u011bvu.<\/p><p><strong>T\u00e4glich <\/strong>50% Sleva na green fee<br \/>27 Loch Golfanlage<\/p><p>Voz\u00edky: ano<br \/>Elektronick\u00fd voz\u00edk: ano<br \/>Wohnmobil: ja (ohne Anschl\u00fcsse)<br \/>Psi povoleni: ano, na vod\u00edtku<br \/>Ladestation E Auto: nein<\/p><p><span style=\"color: #0000ff;\"><a style=\"color: #0000ff;\" href=\"https:\/\/golf-bw.de\">Zur Website des Golfclubs<\/a><\/span><\/p><\/div>\t\t\t\t\t\t\t\t<\/div>\n\t\t\t\t<\/div>\n\t\t\t\t\t<\/div>\n\t\t\t\t<\/div>\n\t\t<div class=\"elementor-element elementor-element-9d7cd7f e-flex e-con-boxed e-con e-parent\" data-id=\"9d7cd7f\" data-element_type=\"container\" data-e-type=\"container\">\n\t\t\t\t\t<div class=\"e-con-inner\">\n\t\t<div class=\"elementor-element elementor-element-c6277a6 e-con-full e-flex e-con e-child\" data-id=\"c6277a6\" data-element_type=\"container\" data-e-type=\"container\">\n\t\t\t\t<div class=\"elementor-element elementor-element-7ce0a82 elementor-widget elementor-widget-spacer\" data-id=\"7ce0a82\" data-element_type=\"widget\" data-e-type=\"widget\" data-widget_type=\"spacer.default\">\n\t\t\t\t\t\t\t<div class=\"elementor-spacer\">\n\t\t\t<div class=\"elementor-spacer-inner\"><\/div>\n\t\t<\/div>\n\t\t\t\t\t\t<\/div>\n\t\t\t\t<\/div>\n\t\t\t\t\t<\/div>\n\t\t\t\t<\/div>\n\t\t<div class=\"elementor-element elementor-element-92b289c e-flex e-con-boxed e-con e-parent\" data-id=\"92b289c\" data-element_type=\"container\" data-e-type=\"container\" data-settings=\"{&quot;background_background&quot;:&quot;classic&quot;}\">\n\t\t\t\t\t<div class=\"e-con-inner\">\n\t\t<div class=\"elementor-element elementor-element-306b29a e-con-full e-flex e-con e-child\" data-id=\"306b29a\" data-element_type=\"container\" data-e-type=\"container\">\n\t\t\t\t<div class=\"elementor-element elementor-element-80f3afb elementor-widget__width-initial elementor-widget elementor-widget-image\" data-id=\"80f3afb\" data-element_type=\"widget\" data-e-type=\"widget\" data-widget_type=\"image.default\">\n\t\t\t\t\t\t\t\t\t\t\t\t\t\t\t<img decoding=\"async\" width=\"640\" height=\"480\" src=\"https:\/\/golflandcard.de\/wp-content\/uploads\/2026\/03\/Photo-GC-Tarvisio-III-1.jpg\" class=\"attachment-large size-large wp-image-3277\" alt=\"\" \/>\t\t\t\t\t\t\t\t\t\t\t\t\t\t\t<\/div>\n\t\t\t\t<\/div>\n\t\t<div class=\"elementor-element elementor-element-816963b e-con-full e-flex e-con e-child\" data-id=\"816963b\" data-element_type=\"container\" data-e-type=\"container\">\n\t\t\t\t<div class=\"elementor-element elementor-element-194902b elementor-widget elementor-widget-text-editor\" data-id=\"194902b\" data-element_type=\"widget\" data-e-type=\"widget\" data-widget_type=\"text-editor.default\">\n\t\t\t\t\t\t\t\t\t<div class=\"sectionHeading -md is-in-view\" data-anim-child=\"slide-up\"><h6 style=\"color: #4a6073;\">NEU: Der Golf Club Senza Confini Tarvisio\u00a0<\/h6><\/div><div class=\"is-in-view\" data-anim-child=\"slide-up delay-1\"><p>N\u00e1\u0161 nejnov\u011bj\u0161\u00ed \u010dlen se t\u011b\u0161\u00ed na va\u0161i n\u00e1v\u0161t\u011bvu.<\/p><p><strong>T\u00e4glich <\/strong>50% Sleva na green fee<br \/>18 Loch Golfanlage<\/p><p>Voz\u00edky: ano<br \/>Elektronick\u00fd voz\u00edk: ano<br \/>Wohnmobil: ja (ohne Anschl\u00fcsse)<br \/>Psi povoleni: ano, na vod\u00edtku<br \/>Ladestation E Auto: nein<\/p><p><a href=\"https:\/\/golfsenzaconfini.com\/de\">https:\/\/golfsenzaconfini.com\/de<\/a><\/p><\/div>\t\t\t\t\t\t\t\t<\/div>\n\t\t\t\t<\/div>\n\t\t\t\t\t<\/div>\n\t\t\t\t<\/div>\n\t\t<div class=\"elementor-element elementor-element-b5aa889 e-flex e-con-boxed e-con e-parent\" data-id=\"b5aa889\" data-element_type=\"container\" data-e-type=\"container\">\n\t\t\t\t\t<div class=\"e-con-inner\">\n\t\t\t\t<div class=\"elementor-element elementor-element-d1c078d elementor-widget elementor-widget-spacer\" data-id=\"d1c078d\" data-element_type=\"widget\" data-e-type=\"widget\" data-widget_type=\"spacer.default\">\n\t\t\t\t\t\t\t<div class=\"elementor-spacer\">\n\t\t\t<div class=\"elementor-spacer-inner\"><\/div>\n\t\t<\/div>\n\t\t\t\t\t\t<\/div>\n\t\t\t\t\t<\/div>\n\t\t\t\t<\/div>\n\t\t<div class=\"elementor-element elementor-element-05de853 e-flex e-con-boxed e-con e-parent\" data-id=\"05de853\" data-element_type=\"container\" data-e-type=\"container\" data-settings=\"{&quot;background_background&quot;:&quot;classic&quot;}\">\n\t\t\t\t\t<div class=\"e-con-inner\">\n\t\t<div class=\"elementor-element elementor-element-bbf0b97 e-con-full e-flex e-con e-child\" data-id=\"bbf0b97\" data-element_type=\"container\" data-e-type=\"container\">\n\t\t\t\t<div class=\"elementor-element elementor-element-0b133d9 elementor-widget__width-initial elementor-widget elementor-widget-image\" data-id=\"0b133d9\" data-element_type=\"widget\" data-e-type=\"widget\" data-widget_type=\"image.default\">\n\t\t\t\t\t\t\t\t\t\t\t\t\t\t\t<img decoding=\"async\" width=\"640\" height=\"480\" src=\"https:\/\/golflandcard.de\/wp-content\/uploads\/2026\/02\/487825047_1233734068752184_2374643047246394339_n.jpg\" class=\"attachment-large size-large wp-image-3246\" alt=\"\" \/>\t\t\t\t\t\t\t\t\t\t\t\t\t\t\t<\/div>\n\t\t\t\t<\/div>\n\t\t<div class=\"elementor-element elementor-element-92418ac e-con-full e-flex e-con e-child\" data-id=\"92418ac\" data-element_type=\"container\" data-e-type=\"container\">\n\t\t\t\t<div class=\"elementor-element elementor-element-db5aea1 elementor-widget elementor-widget-text-editor\" data-id=\"db5aea1\" data-element_type=\"widget\" data-e-type=\"widget\" data-widget_type=\"text-editor.default\">\n\t\t\t\t\t\t\t\t\t<div class=\"sectionHeading -md is-in-view\" data-anim-child=\"slide-up\"><h6 style=\"color: #4a6073;\">NEU: Der Golfclub Baltic Hills Usedom\u00a0<\/h6><\/div><div class=\"is-in-view\" data-anim-child=\"slide-up delay-1\"><p>N\u00e1\u0161 nejnov\u011bj\u0161\u00ed \u010dlen se t\u011b\u0161\u00ed na va\u0161i n\u00e1v\u0161t\u011bvu.<\/p><p><strong>Pond\u011bl\u00ed a\u017e p\u00e1tek <\/strong>50% Sleva na green fee<br \/>18 Loch Golfanlage<\/p><p>Voz\u00edky: ano<br \/>Elektronick\u00fd voz\u00edk: ano<br \/>Wohnmobil: ja (gegen Geb\u00fchr)<br \/>Psi povoleni: ano, na vod\u00edtku<br \/>Ladestation E Auto: ja<\/p><p><a href=\"https:\/\/www.baltic-hills-golf.de\">www.baltic-hills-golf.de\/<\/a><\/p><\/div>\t\t\t\t\t\t\t\t<\/div>\n\t\t\t\t<\/div>\n\t\t\t\t\t<\/div>\n\t\t\t\t<\/div>\n\t\t<div class=\"elementor-element elementor-element-cd007d5 e-flex e-con-boxed e-con e-parent\" data-id=\"cd007d5\" data-element_type=\"container\" data-e-type=\"container\">\n\t\t\t\t\t<div class=\"e-con-inner\">\n\t\t\t\t<div class=\"elementor-element elementor-element-bf16184 elementor-widget elementor-widget-spacer\" data-id=\"bf16184\" data-element_type=\"widget\" data-e-type=\"widget\" data-widget_type=\"spacer.default\">\n\t\t\t\t\t\t\t<div class=\"elementor-spacer\">\n\t\t\t<div class=\"elementor-spacer-inner\"><\/div>\n\t\t<\/div>\n\t\t\t\t\t\t<\/div>\n\t\t\t\t\t<\/div>\n\t\t\t\t<\/div>\n\t\t<div class=\"elementor-element elementor-element-9550367 e-flex e-con-boxed e-con e-parent\" data-id=\"9550367\" data-element_type=\"container\" data-e-type=\"container\" data-settings=\"{&quot;background_background&quot;:&quot;classic&quot;}\">\n\t\t\t\t\t<div class=\"e-con-inner\">\n\t\t<div class=\"elementor-element elementor-element-d29ee40 e-con-full e-flex e-con e-child\" data-id=\"d29ee40\" data-element_type=\"container\" data-e-type=\"container\">\n\t\t\t\t<div class=\"elementor-element elementor-element-052295f elementor-widget__width-initial elementor-widget elementor-widget-image\" data-id=\"052295f\" data-element_type=\"widget\" data-e-type=\"widget\" data-widget_type=\"image.default\">\n\t\t\t\t\t\t\t\t\t\t\t\t\t\t\t<img loading=\"lazy\" decoding=\"async\" width=\"640\" height=\"360\" src=\"https:\/\/golflandcard.de\/wp-content\/uploads\/2025\/11\/491448682_3526546757655141_5643631797642297222_n.jpg\" class=\"attachment-large size-large wp-image-1866\" alt=\"\" srcset=\"https:\/\/golflandcard.de\/wp-content\/uploads\/2025\/11\/491448682_3526546757655141_5643631797642297222_n.jpg 960w, https:\/\/golflandcard.de\/wp-content\/uploads\/2025\/11\/491448682_3526546757655141_5643631797642297222_n-300x169.jpg 300w, https:\/\/golflandcard.de\/wp-content\/uploads\/2025\/11\/491448682_3526546757655141_5643631797642297222_n-768x432.jpg 768w, https:\/\/golflandcard.de\/wp-content\/uploads\/2025\/11\/491448682_3526546757655141_5643631797642297222_n-640x360.jpg 640w\" sizes=\"(max-width: 640px) 100vw, 640px\" \/>\t\t\t\t\t\t\t\t\t\t\t\t\t\t\t<\/div>\n\t\t\t\t<\/div>\n\t\t<div class=\"elementor-element elementor-element-d8151b1 e-con-full e-flex e-con e-child\" data-id=\"d8151b1\" data-element_type=\"container\" data-e-type=\"container\">\n\t\t\t\t<div class=\"elementor-element elementor-element-d35fada elementor-widget elementor-widget-text-editor\" data-id=\"d35fada\" data-element_type=\"widget\" data-e-type=\"widget\" data-widget_type=\"text-editor.default\">\n\t\t\t\t\t\t\t\t\t<div class=\"sectionHeading -md is-in-view\" data-anim-child=\"slide-up\">\n  <h6 style=\"color:#4A6073;\">NOVINKA: Golfov\u00fd klub Mahlow<\/h6>\n<\/div>\n\n<div class=\"is-in-view\" data-anim-child=\"slide-up delay-1\">\n  <p>N\u00e1\u0161 nejnov\u011bj\u0161\u00ed \u010dlen se t\u011b\u0161\u00ed na va\u0161i n\u00e1v\u0161t\u011bvu.<\/p>\n\n  <p>\n    <strong>Pond\u011bl\u00ed a ned\u011ble od 14:00 <\/strong>50% Sleva na green fee<br>\n    9jamkov\u00e9 golfov\u00e9 h\u0159i\u0161t\u011b<br><br>\n    Voz\u00edky: ano<br>\n    Elektronick\u00fd voz\u00edk: ano<br>\n    Obytn\u00fd v\u016fz: ano<br>\n    Psi povoleni: ano, na vod\u00edtku\n  <\/p>\n\n  <p><a href=\"https:\/\/gcmahlow.de\">https:\/\/gcmahlow.de<\/a><\/p>\n<\/div>\n\t\t\t\t\t\t\t\t<\/div>\n\t\t\t\t<\/div>\n\t\t\t\t\t<\/div>\n\t\t\t\t<\/div>\n\t\t<div class=\"elementor-element elementor-element-699fbf0 e-flex e-con-boxed e-con e-parent\" data-id=\"699fbf0\" data-element_type=\"container\" data-e-type=\"container\">\n\t\t\t\t\t<div class=\"e-con-inner\">\n\t\t\t\t<div class=\"elementor-element elementor-element-63739ef elementor-widget elementor-widget-spacer\" data-id=\"63739ef\" data-element_type=\"widget\" data-e-type=\"widget\" data-widget_type=\"spacer.default\">\n\t\t\t\t\t\t\t<div class=\"elementor-spacer\">\n\t\t\t<div class=\"elementor-spacer-inner\"><\/div>\n\t\t<\/div>\n\t\t\t\t\t\t<\/div>\n\t\t\t\t\t<\/div>\n\t\t\t\t<\/div>\n\t\t<div class=\"elementor-element elementor-element-19826fa e-flex e-con-boxed e-con e-parent\" data-id=\"19826fa\" data-element_type=\"container\" data-e-type=\"container\" data-settings=\"{&quot;background_background&quot;:&quot;classic&quot;}\">\n\t\t\t\t\t<div class=\"e-con-inner\">\n\t\t<div class=\"elementor-element elementor-element-3df94b8 e-con-full e-flex e-con e-child\" data-id=\"3df94b8\" data-element_type=\"container\" data-e-type=\"container\">\n\t\t\t\t<div class=\"elementor-element elementor-element-b08125f elementor-widget__width-initial elementor-widget elementor-widget-image\" data-id=\"b08125f\" data-element_type=\"widget\" data-e-type=\"widget\" data-widget_type=\"image.default\">\n\t\t\t\t\t\t\t\t\t\t\t\t\t\t\t<img loading=\"lazy\" decoding=\"async\" width=\"640\" height=\"305\" src=\"https:\/\/golflandcard.de\/wp-content\/uploads\/2025\/10\/Carts-1-2048x976-1-1024x488.jpg\" class=\"attachment-large size-large wp-image-262\" alt=\"\" srcset=\"https:\/\/golflandcard.de\/wp-content\/uploads\/2025\/10\/Carts-1-2048x976-1-1024x488.jpg 1024w, https:\/\/golflandcard.de\/wp-content\/uploads\/2025\/10\/Carts-1-2048x976-1-300x143.jpg 300w, https:\/\/golflandcard.de\/wp-content\/uploads\/2025\/10\/Carts-1-2048x976-1-768x366.jpg 768w, https:\/\/golflandcard.de\/wp-content\/uploads\/2025\/10\/Carts-1-2048x976-1-1536x732.jpg 1536w, https:\/\/golflandcard.de\/wp-content\/uploads\/2025\/10\/Carts-1-2048x976-1.jpg 2048w\" sizes=\"(max-width: 640px) 100vw, 640px\" \/>\t\t\t\t\t\t\t\t\t\t\t\t\t\t\t<\/div>\n\t\t\t\t<\/div>\n\t\t<div class=\"elementor-element elementor-element-302868c e-con-full e-flex e-con e-child\" data-id=\"302868c\" data-element_type=\"container\" data-e-type=\"container\">\n\t\t\t\t<div class=\"elementor-element elementor-element-bebf9b6 elementor-widget elementor-widget-text-editor\" data-id=\"bebf9b6\" data-element_type=\"widget\" data-e-type=\"widget\" data-widget_type=\"text-editor.default\">\n\t\t\t\t\t\t\t\t\t<div class=\"sectionHeading -md is-in-view\" data-anim-child=\"slide-up\">\n  <h6 style=\"color:#4A6073;\">NOVINKA: Golfov\u00fd klub Waldegg \u2013 Wiggensbach e.V.<\/h6>\n<\/div>\n\n<div class=\"is-in-view\" data-anim-child=\"slide-up delay-1\">\n  <p>N\u00e1\u0161 nejnov\u011bj\u0161\u00ed \u010dlen se t\u011b\u0161\u00ed na va\u0161i n\u00e1v\u0161t\u011bvu.<\/p>\n\n  <p>\n    <strong>Pond\u011bl\u00ed a\u017e p\u00e1tek <\/strong>50% Sleva na green fee<br>\n    18jamkov\u00e9 + 9jamkov\u00e9 golfov\u00e9 h\u0159i\u0161t\u011b<br><br>\n    Voz\u00edky: ano<br>\n    Elektronick\u00fd voz\u00edk: ano<br>\n    Obytn\u00fd v\u016fz: ano<br>\n    Psi povoleni: ano, na vod\u00edtku\n  <\/p>\n\n  <p><a href=\"https:\/\/golf-wiggensbach.de\/\">https:\/\/golf-wiggensbach.de\/<\/a><\/p>\n<\/div>\n\t\t\t\t\t\t\t\t<\/div>\n\t\t\t\t<\/div>\n\t\t\t\t\t<\/div>\n\t\t\t\t<\/div>\n\t\t\t\t<\/div>","protected":false},"excerpt":{"rendered":"<p>Neuigkeiten zur GolflandCard Hier erfahren Sie aktuelle Neuigkeiten und Updates rund um die GolflandCard, inklusive Informationen zu teilnehmenden Golfclubs und neuen Kooperationen. NEU: Golfclub Bad Windsheim \u00a0 Unser neues Mitglied freut sich auf Ihren Besuch T\u00e4glich 50% Greenfee Erm\u00e4\u00dfigung27 Loch Golfanlage Trolleys: jaE-Cart: jaWohnmobil: ja (ohne Anschl\u00fcsse)Hunde erlaubt: ja, angeleintLadestation E Auto: nein Zur Website [&hellip;]<\/p>\n","protected":false},"author":1,"featured_media":444,"parent":0,"menu_order":0,"comment_status":"closed","ping_status":"closed","template":"elementor_theme","meta":{"_acf_changed":false,"footnotes":""},"class_list":["post-28","page","type-page","status-publish","has-post-thumbnail","hentry"],"acf":[],"_links":{"self":[{"href":"https:\/\/golflandcard.de\/cs\/wp-json\/wp\/v2\/pages\/28","targetHints":{"allow":["GET"]}}],"collection":[{"href":"https:\/\/golflandcard.de\/cs\/wp-json\/wp\/v2\/pages"}],"about":[{"href":"https:\/\/golflandcard.de\/cs\/wp-json\/wp\/v2\/types\/page"}],"author":[{"embeddable":true,"href":"https:\/\/golflandcard.de\/cs\/wp-json\/wp\/v2\/users\/1"}],"replies":[{"embeddable":true,"href":"https:\/\/golflandcard.de\/cs\/wp-json\/wp\/v2\/comments?post=28"}],"version-history":[{"count":0,"href":"https:\/\/golflandcard.de\/cs\/wp-json\/wp\/v2\/pages\/28\/revisions"}],"wp:featuredmedia":[{"embeddable":true,"href":"https:\/\/golflandcard.de\/cs\/wp-json\/wp\/v2\/media\/444"}],"wp:attachment":[{"href":"https:\/\/golflandcard.de\/cs\/wp-json\/wp\/v2\/media?parent=28"}],"curies":[{"name":"wp","href":"https:\/\/api.w.org\/{rel}","templated":true}]}}