{"id":3170,"date":"2026-01-10T20:01:04","date_gmt":"2026-01-10T20:01:04","guid":{"rendered":"https:\/\/golflandcard.de\/?page_id=3170"},"modified":"2026-04-15T14:28:06","modified_gmt":"2026-04-15T14:28:06","slug":"golfheroes","status":"publish","type":"page","link":"https:\/\/golflandcard.de\/cs\/golfheroes\/","title":{"rendered":"GOLFHEROES"},"content":{"rendered":"<div data-elementor-type=\"wp-page\" data-elementor-id=\"3170\" class=\"elementor elementor-3170\" data-elementor-post-type=\"page\">\n\t\t\t\t<div class=\"elementor-element elementor-element-627b86d e-flex e-con-boxed e-con e-parent\" data-id=\"627b86d\" data-element_type=\"container\" data-e-type=\"container\">\n\t\t\t\t\t<div class=\"e-con-inner\">\n\t\t<div class=\"elementor-element elementor-element-272d4d8 e-con-full e-flex e-con e-child\" data-id=\"272d4d8\" data-element_type=\"container\" data-e-type=\"container\">\n\t\t\t\t<div class=\"elementor-element elementor-element-21c3977 elementor-widget elementor-widget-image\" data-id=\"21c3977\" data-element_type=\"widget\" data-e-type=\"widget\" data-widget_type=\"image.default\">\n\t\t\t\t\t\t\t\t\t\t\t\t\t\t\t<img fetchpriority=\"high\" decoding=\"async\" width=\"205\" height=\"246\" src=\"https:\/\/golflandcard.de\/wp-content\/uploads\/2026\/01\/images-1-1.png\" class=\"attachment-medium size-medium wp-image-3173\" alt=\"\" srcset=\"https:\/\/golflandcard.de\/wp-content\/uploads\/2026\/01\/images-1-1.png 205w, https:\/\/golflandcard.de\/wp-content\/uploads\/2026\/01\/images-1-1-10x12.png 10w\" sizes=\"(max-width: 205px) 100vw, 205px\" \/>\t\t\t\t\t\t\t\t\t\t\t\t\t\t\t<\/div>\n\t\t\t\t<\/div>\n\t\t<div class=\"elementor-element elementor-element-bb3dd8f e-con-full e-flex e-con e-child\" data-id=\"bb3dd8f\" data-element_type=\"container\" data-e-type=\"container\">\n\t\t\t\t<div class=\"elementor-element elementor-element-439b5975 elementor-widget__width-initial elementor-widget elementor-widget-text-editor\" data-id=\"439b5975\" data-element_type=\"widget\" data-e-type=\"widget\" data-widget_type=\"text-editor.default\">\n\t\t\t\t\t\t\t\t\t<h5 data-section-id=\"1th2zii\" data-start=\"63\" data-end=\"101\"><span style=\"color: #1d8a1f;\" role=\"text\"><strong data-start=\"67\" data-end=\"101\">F\u00fcr GolflandCard Interessenten<\/strong><\/span><\/h5><p data-start=\"103\" data-end=\"162\"><strong data-start=\"103\" data-end=\"162\">Golf Heroes \u2013 eine Gemeinschaft f\u00fcr echte Golfliebhaber<\/strong><\/p><p data-start=\"164\" data-end=\"296\">Golf ist weit mehr als nur ein Sport \u2013 es ist Leidenschaft, Austausch und gemeinsames Erleben. Genau hier setzen die Golf Heroes an.<\/p><p data-start=\"298\" data-end=\"543\">Im Rahmen der Kooperation mit der GolflandCard m\u00f6chten wir diese besondere Vereinigung ausdr\u00fccklich empfehlen. Die Golf Heroes verbinden Golferinnen und Golfer, die Wert auf Gemeinschaft, hochwertige Events und au\u00dfergew\u00f6hnliche Erlebnisse legen.<\/p><p data-start=\"545\" data-end=\"895\">Regelm\u00e4\u00dfige Stammtische, exklusive Golfreisen sowie hervorragend organisierte Turniere bieten zahlreiche Gelegenheiten, sich zu vernetzen und den Golfsport in seiner sch\u00f6nsten Form zu genie\u00dfen. Dabei kommt auch der soziale Gedanke nicht zu kurz: <strong data-start=\"791\" data-end=\"845\">Charity ist ein fester Bestandteil der Aktivit\u00e4ten<\/strong> und macht die Mitgliedschaft zus\u00e4tzlich wertvoll.<\/p><p data-start=\"897\" data-end=\"1035\">F\u00fcr lediglich <strong data-start=\"911\" data-end=\"928\">50 \u20ac pro Jahr<\/strong> werden Sie Teil dieser besonderen Gemeinschaft und profitieren von einem aktiven Netzwerk Gleichgesinnter.<\/p><p data-start=\"1037\" data-end=\"1141\">\ud83d\udc49 Unsere Empfehlung: Werden Sie Mitglied der Golf Heroes und erleben Sie Golf in einer neuen Dimension.<\/p>\t\t\t\t\t\t\t\t<\/div>\n\t\t\t\t<div class=\"elementor-element elementor-element-b5d2871 elementor-widget elementor-widget-button\" data-id=\"b5d2871\" data-element_type=\"widget\" data-e-type=\"widget\" data-widget_type=\"button.default\">\n\t\t\t\t\t\t\t\t\t\t<a class=\"elementor-button elementor-button-link elementor-size-sm\" href=\"https:\/\/www.golfheroes.de\/wp-content\/uploads\/2019\/08\/GolfHeroes-Mitgliedsantrag16.pdf\">\n\t\t\t\t\t\t<span class=\"elementor-button-content-wrapper\">\n\t\t\t\t\t\t\t\t\t<span class=\"elementor-button-text\">Hier gehts zum Mitgliedsantrag <\/span>\n\t\t\t\t\t<\/span>\n\t\t\t\t\t<\/a>\n\t\t\t\t\t\t\t\t<\/div>\n\t\t\t\t<\/div>\n\t\t\t\t\t<\/div>\n\t\t\t\t<\/div>\n\t\t<div class=\"elementor-element elementor-element-44d8a94 e-flex e-con-boxed e-con e-parent\" data-id=\"44d8a94\" data-element_type=\"container\" data-e-type=\"container\">\n\t\t\t\t\t<div class=\"e-con-inner\">\n\t\t\t\t<div class=\"elementor-element elementor-element-546042c elementor-widget elementor-widget-spacer\" data-id=\"546042c\" data-element_type=\"widget\" data-e-type=\"widget\" data-widget_type=\"spacer.default\">\n\t\t\t\t\t\t\t<div class=\"elementor-spacer\">\n\t\t\t<div class=\"elementor-spacer-inner\"><\/div>\n\t\t<\/div>\n\t\t\t\t\t\t<\/div>\n\t\t\t\t\t<\/div>\n\t\t\t\t<\/div>\n\t\t<div class=\"elementor-element elementor-element-60cd2eb e-flex e-con-boxed e-con e-parent\" data-id=\"60cd2eb\" data-element_type=\"container\" data-e-type=\"container\">\n\t\t\t\t\t<div class=\"e-con-inner\">\n\t\t<div class=\"elementor-element elementor-element-3a4e8a7 e-con-full e-flex e-con e-child\" data-id=\"3a4e8a7\" data-element_type=\"container\" data-e-type=\"container\">\n\t\t\t\t<div class=\"elementor-element elementor-element-fbd714b elementor-widget elementor-widget-image\" data-id=\"fbd714b\" data-element_type=\"widget\" data-e-type=\"widget\" data-widget_type=\"image.default\">\n\t\t\t\t\t\t\t\t\t\t\t\t\t\t\t<img decoding=\"async\" width=\"284\" height=\"300\" src=\"https:\/\/golflandcard.de\/wp-content\/uploads\/2026\/04\/313108a1-c3e0-4432-878e-766148ca3df8-284x300.png\" class=\"attachment-medium size-medium wp-image-3298\" alt=\"\" srcset=\"https:\/\/golflandcard.de\/wp-content\/uploads\/2026\/04\/313108a1-c3e0-4432-878e-766148ca3df8-284x300.png 284w, https:\/\/golflandcard.de\/wp-content\/uploads\/2026\/04\/313108a1-c3e0-4432-878e-766148ca3df8-969x1024.png 969w, https:\/\/golflandcard.de\/wp-content\/uploads\/2026\/04\/313108a1-c3e0-4432-878e-766148ca3df8-768x811.png 768w, https:\/\/golflandcard.de\/wp-content\/uploads\/2026\/04\/313108a1-c3e0-4432-878e-766148ca3df8-11x12.png 11w, https:\/\/golflandcard.de\/wp-content\/uploads\/2026\/04\/313108a1-c3e0-4432-878e-766148ca3df8.png 1220w\" sizes=\"(max-width: 284px) 100vw, 284px\" \/>\t\t\t\t\t\t\t\t\t\t\t\t\t\t\t<\/div>\n\t\t\t\t<\/div>\n\t\t<div class=\"elementor-element elementor-element-80ee415 e-con-full e-flex e-con e-child\" data-id=\"80ee415\" data-element_type=\"container\" data-e-type=\"container\">\n\t\t\t\t<div class=\"elementor-element elementor-element-22e289f elementor-widget__width-initial elementor-widget elementor-widget-text-editor\" data-id=\"22e289f\" data-element_type=\"widget\" data-e-type=\"widget\" data-widget_type=\"text-editor.default\">\n\t\t\t\t\t\t\t\t\t<h5 style=\"caret-color: #000000; color: #000000;\" data-section-id=\"1vja2o9\" data-start=\"1148\" data-end=\"1193\"><span style=\"color: #008000;\" role=\"text\"><strong data-start=\"1152\" data-end=\"1193\">F\u00fcr bestehende Golf Heroes Mitglieder<\/strong><\/span><\/h5><p style=\"caret-color: #000000; color: #000000;\" data-start=\"1195\" data-end=\"1261\"><span style=\"color: #808080;\"><strong data-start=\"1195\" data-end=\"1261\">Exklusive Vorteile f\u00fcr Golf Heroes Mitglieder mit GolflandCard<\/strong><\/span><\/p><p style=\"caret-color: #000000; color: #000000;\" data-start=\"1263\" data-end=\"1394\"><span style=\"color: #808080;\">Als Mitglied der Golf Heroes profitieren Sie im Rahmen der Kooperation mit der GolflandCard von zus\u00e4tzlichen, exklusiven Vorteilen.<\/span><\/p><p style=\"caret-color: #000000; color: #000000;\" data-start=\"1396\" data-end=\"1496\"><span style=\"color: #808080;\">Neben den bereits bestehenden Angeboten er\u00f6ffnet sich Ihnen eine erweiterte Welt an Verg\u00fcnstigungen:<\/span><\/p><ul style=\"caret-color: #000000; color: #000000;\" data-start=\"1498\" data-end=\"1606\"><li data-section-id=\"lmdo5z\" data-start=\"1498\" data-end=\"1525\"><span style=\"color: #808080;\">attraktive Preisrabatte<\/span><\/li><li data-section-id=\"dwd27y\" data-start=\"1526\" data-end=\"1554\"><span style=\"color: #808080;\">exklusive Sonderangebote<\/span><\/li><li data-section-id=\"r7ix21\" data-start=\"1555\" data-end=\"1606\"><span style=\"color: #808080;\">zus\u00e4tzliche Prozente auf ausgew\u00e4hlte Leistungen<\/span><\/li><\/ul><p style=\"caret-color: #000000; color: #000000;\" data-start=\"1608\" data-end=\"1763\"><span style=\"color: #808080;\">Diese besonderen Vorteile sind Teil einer\u00a0<strong data-start=\"1650\" data-end=\"1683\">exklusiven Mitgliederumgebung<\/strong>, die darauf ausgerichtet ist, das Maximum aus Ihrer GolflandCard herauszuholen.<\/span><\/p><p style=\"caret-color: #000000; color: #000000;\" data-start=\"1765\" data-end=\"2004\"><span style=\"color: #808080;\">\u00dcber den bereitgestellten Zugang gelangen Sie direkt auf die\u00a0<strong data-start=\"1826\" data-end=\"1854\">Golf Heroes Secret Seite<\/strong>. Mit Ihrem pers\u00f6nlichen Passwort erhalten Sie sofort Zugriff auf alle exklusiven Angebote und profitieren unmittelbar von den zus\u00e4tzlichen Vorteilen.<\/span><\/p><p style=\"caret-color: #000000; color: #000000;\" data-start=\"2006\" data-end=\"2098\"><span style=\"color: #808080;\">\ud83d\udc49 Nutzen Sie jetzt Ihren Zugang und entdecken Sie das volle Potenzial Ihrer Mitgliedschaft.<\/span><\/p>\t\t\t\t\t\t\t\t<\/div>\n\t\t\t\t<\/div>\n\t\t\t\t\t<\/div>\n\t\t\t\t<\/div>\n\t\t<div class=\"elementor-element elementor-element-b537446 e-flex e-con-boxed e-con e-parent\" data-id=\"b537446\" data-element_type=\"container\" data-e-type=\"container\">\n\t\t\t\t\t<div class=\"e-con-inner\">\n\t\t\t\t<div class=\"elementor-element elementor-element-a106b0c elementor-widget elementor-widget-spacer\" data-id=\"a106b0c\" data-element_type=\"widget\" data-e-type=\"widget\" data-widget_type=\"spacer.default\">\n\t\t\t\t\t\t\t<div class=\"elementor-spacer\">\n\t\t\t<div class=\"elementor-spacer-inner\"><\/div>\n\t\t<\/div>\n\t\t\t\t\t\t<\/div>\n\t\t\t\t\t<\/div>\n\t\t\t\t<\/div>\n\t\t<div class=\"elementor-element elementor-element-5be469f e-flex e-con-boxed e-con e-parent\" data-id=\"5be469f\" data-element_type=\"container\" data-e-type=\"container\">\n\t\t\t\t\t<div class=\"e-con-inner\">\n\t\t\t\t<div class=\"elementor-element elementor-element-90e9574 elementor-widget elementor-widget-heading\" data-id=\"90e9574\" data-element_type=\"widget\" data-e-type=\"widget\" data-widget_type=\"heading.default\">\n\t\t\t\t\t<h4 class=\"elementor-heading-title elementor-size-default\">Hier geht es zum Mitgliederbereich<\/h4>\t\t\t\t<\/div>\n\t\t\t\t\t<\/div>\n\t\t\t\t<\/div>\n\t\t<div class=\"elementor-element elementor-element-6204b62 e-flex e-con-boxed e-con e-parent\" data-id=\"6204b62\" data-element_type=\"container\" data-e-type=\"container\">\n\t\t\t\t\t<div class=\"e-con-inner\">\n\t\t\t\t<div class=\"elementor-element elementor-element-a78ca36 elementor-widget elementor-widget-image\" data-id=\"a78ca36\" data-element_type=\"widget\" data-e-type=\"widget\" data-widget_type=\"image.default\">\n\t\t\t\t\t\t\t\t\t\t\t\t\t\t\t\t<a href=\"https:\/\/golflandcard.de\/cs\/membersofgolfheroes\/\">\n\t\t\t\t\t\t\t<img decoding=\"async\" width=\"365\" height=\"215\" src=\"https:\/\/golflandcard.de\/wp-content\/uploads\/2026\/04\/ChatGPT-Image-15.-Apr.-2026-16_25_28-365x215.png\" class=\"attachment-wp_travel_thumbnail size-wp_travel_thumbnail wp-image-3297\" alt=\"\" srcset=\"https:\/\/golflandcard.de\/wp-content\/uploads\/2026\/04\/ChatGPT-Image-15.-Apr.-2026-16_25_28-365x215.png 365w, https:\/\/golflandcard.de\/wp-content\/uploads\/2026\/04\/ChatGPT-Image-15.-Apr.-2026-16_25_28-18x12.png 18w\" sizes=\"(max-width: 365px) 100vw, 365px\" \/>\t\t\t\t\t\t\t\t<\/a>\n\t\t\t\t\t\t\t\t\t\t\t\t\t\t\t<\/div>\n\t\t\t\t\t<\/div>\n\t\t\t\t<\/div>\n\t\t\t\t<\/div>","protected":false},"excerpt":{"rendered":"<p>F\u00fcr GolflandCard Interessenten Golf Heroes \u2013 eine Gemeinschaft f\u00fcr echte Golfliebhaber Golf ist weit mehr als nur ein Sport \u2013 es ist Leidenschaft, Austausch und gemeinsames Erleben. Genau hier setzen die Golf Heroes an. Im Rahmen der Kooperation mit der GolflandCard m\u00f6chten wir diese besondere Vereinigung ausdr\u00fccklich empfehlen. Die Golf Heroes verbinden Golferinnen und Golfer, [&hellip;]<\/p>\n","protected":false},"author":1,"featured_media":0,"parent":0,"menu_order":0,"comment_status":"closed","ping_status":"closed","template":"","meta":{"_acf_changed":false,"footnotes":""},"class_list":["post-3170","page","type-page","status-publish","hentry"],"acf":[],"_links":{"self":[{"href":"https:\/\/golflandcard.de\/cs\/wp-json\/wp\/v2\/pages\/3170","targetHints":{"allow":["GET"]}}],"collection":[{"href":"https:\/\/golflandcard.de\/cs\/wp-json\/wp\/v2\/pages"}],"about":[{"href":"https:\/\/golflandcard.de\/cs\/wp-json\/wp\/v2\/types\/page"}],"author":[{"embeddable":true,"href":"https:\/\/golflandcard.de\/cs\/wp-json\/wp\/v2\/users\/1"}],"replies":[{"embeddable":true,"href":"https:\/\/golflandcard.de\/cs\/wp-json\/wp\/v2\/comments?post=3170"}],"version-history":[{"count":0,"href":"https:\/\/golflandcard.de\/cs\/wp-json\/wp\/v2\/pages\/3170\/revisions"}],"wp:attachment":[{"href":"https:\/\/golflandcard.de\/cs\/wp-json\/wp\/v2\/media?parent=3170"}],"curies":[{"name":"wp","href":"https:\/\/api.w.org\/{rel}","templated":true}]}}