{"id":3174,"date":"2026-01-14T22:32:28","date_gmt":"2026-01-14T22:32:28","guid":{"rendered":"https:\/\/golflandcard.de\/?page_id=3174"},"modified":"2026-02-04T14:10:55","modified_gmt":"2026-02-04T14:10:55","slug":"gewinnspiel","status":"publish","type":"page","link":"https:\/\/golflandcard.de\/en\/gewinnspiel\/","title":{"rendered":"Gewinnspiel"},"content":{"rendered":"\t\t<div data-elementor-type=\"wp-page\" data-elementor-id=\"3174\" class=\"elementor elementor-3174\" data-elementor-post-type=\"page\">\n\t\t\t\t<div class=\"elementor-element elementor-element-580327d e-flex e-con-boxed e-con e-parent\" data-id=\"580327d\" data-element_type=\"container\" data-e-type=\"container\">\n\t\t\t\t\t<div class=\"e-con-inner\">\n\t\t\t\t<div class=\"elementor-element elementor-element-ef0c8c5 elementor-widget elementor-widget-image\" data-id=\"ef0c8c5\" data-element_type=\"widget\" data-e-type=\"widget\" data-widget_type=\"image.default\">\n\t\t\t\t\t\t\t\t\t\t\t\t\t\t\t<img fetchpriority=\"high\" decoding=\"async\" width=\"1536\" height=\"384\" src=\"https:\/\/golflandcard.de\/wp-content\/uploads\/2026\/02\/1.Preis-2-1-1536x384.png\" class=\"attachment-1536x1536 size-1536x1536 wp-image-3232\" alt=\"\" srcset=\"https:\/\/golflandcard.de\/wp-content\/uploads\/2026\/02\/1.Preis-2-1-1536x384.png 1536w, https:\/\/golflandcard.de\/wp-content\/uploads\/2026\/02\/1.Preis-2-1-300x75.png 300w, https:\/\/golflandcard.de\/wp-content\/uploads\/2026\/02\/1.Preis-2-1-1024x256.png 1024w, https:\/\/golflandcard.de\/wp-content\/uploads\/2026\/02\/1.Preis-2-1-768x192.png 768w, https:\/\/golflandcard.de\/wp-content\/uploads\/2026\/02\/1.Preis-2-1-18x5.png 18w, https:\/\/golflandcard.de\/wp-content\/uploads\/2026\/02\/1.Preis-2-1.png 1600w\" sizes=\"(max-width: 1536px) 100vw, 1536px\" \/>\t\t\t\t\t\t\t\t\t\t\t\t\t\t\t<\/div>\n\t\t\t\t<div class=\"elementor-element elementor-element-01d0314 elementor-widget elementor-widget-spacer\" data-id=\"01d0314\" data-element_type=\"widget\" data-e-type=\"widget\" data-widget_type=\"spacer.default\">\n\t\t\t\t\t\t\t<div class=\"elementor-spacer\">\n\t\t\t<div class=\"elementor-spacer-inner\"><\/div>\n\t\t<\/div>\n\t\t\t\t\t\t<\/div>\n\t\t\t\t<div class=\"elementor-element elementor-element-80ee6c7 elementor-widget elementor-widget-heading\" data-id=\"80ee6c7\" data-element_type=\"widget\" data-e-type=\"widget\" data-widget_type=\"heading.default\">\n\t\t\t\t\t<h4 class=\"elementor-heading-title elementor-size-default\">\ud83c\udf89 Gro\u00dfes Messegewinnspiel \u2013 50 tolle Preise! \ud83c\udf89<\/h4>\t\t\t\t<\/div>\n\t\t\t\t<div class=\"elementor-element elementor-element-46c9406 elementor-widget elementor-widget-text-editor\" data-id=\"46c9406\" data-element_type=\"widget\" data-e-type=\"widget\" data-widget_type=\"text-editor.default\">\n\t\t\t\t\t\t\t\t\t<p class=\"isSelectedEnd\" style=\"text-align: center;\">Machen Sie mit bei unserem <strong>gro\u00dfen Messegewinnspiel<\/strong> direkt an unserem Stand und sichern Sie sich die Chance auf <strong>50 attraktive Preise<\/strong>, darunter:<\/p><ul style=\"text-align: center;\" data-spread=\"false\"><li><p class=\"isSelectedEnd\"><img decoding=\"async\" class=\"emoji\" role=\"img\" draggable=\"false\" src=\"https:\/\/s.w.org\/images\/core\/emoji\/17.0.2\/svg\/1f3e8.svg\" alt=\"\ud83c\udfe8\" \/> <strong>Hotelaufenthalte im Bayerischen Wald<\/strong><\/p><\/li><li><p class=\"isSelectedEnd\"><img decoding=\"async\" class=\"emoji\" role=\"img\" draggable=\"false\" src=\"https:\/\/s.w.org\/images\/core\/emoji\/17.0.2\/svg\/26f3.svg\" alt=\"\u26f3\" \/> <strong>GolflandCards<\/strong><\/p><\/li><li><p class=\"isSelectedEnd\"><img decoding=\"async\" class=\"emoji\" role=\"img\" draggable=\"false\" src=\"https:\/\/s.w.org\/images\/core\/emoji\/17.0.2\/svg\/1f7e2.svg\" alt=\"\ud83d\udfe2\" \/> <strong>Greenfees auf wundersch\u00f6nen Golfanlagen<\/strong><\/p><\/li><\/ul><p style=\"text-align: center;\"><span style=\"caret-color: #000000; color: #000000; font-size: medium; font-family: var( --e-global-typography-text-font-family ), Sans-serif; text-align: var(--text-align);\"><img decoding=\"async\" class=\"emoji\" role=\"img\" draggable=\"false\" src=\"https:\/\/s.w.org\/images\/core\/emoji\/17.0.2\/svg\/1f449.svg\" alt=\"\ud83d\udc49\" \/> <\/span>Vorbeikommen, teilnehmen und mit etwas Gl\u00fcck gewinnen!<\/p>\t\t\t\t\t\t\t\t<\/div>\n\t\t\t\t\t<\/div>\n\t\t\t\t<\/div>\n\t\t<div class=\"elementor-element elementor-element-e99bc7d e-flex e-con-boxed e-con e-parent\" data-id=\"e99bc7d\" data-element_type=\"container\" data-e-type=\"container\">\n\t\t\t\t\t<div class=\"e-con-inner\">\n\t\t\t\t<div class=\"elementor-element elementor-element-d0bd802 elementor-widget elementor-widget-image\" data-id=\"d0bd802\" data-element_type=\"widget\" data-e-type=\"widget\" data-widget_type=\"image.default\">\n\t\t\t\t\t\t\t\t\t\t\t\t\t\t\t<img decoding=\"async\" src=\"https:\/\/golflandcard.de\/wp-content\/uploads\/elementor\/thumbs\/Bildschirmfoto-2026-01-14-um-23.33.24-e1770201832592-rinltnzj7259hxhv5ore5s3imov5dqpnauhkrl50ds.png\" title=\"Bildschirmfoto 2026-01-14 um 23.33.24\" alt=\"Bildschirmfoto 2026-01-14 um 23.33.24\" loading=\"lazy\" \/>\t\t\t\t\t\t\t\t\t\t\t\t\t\t\t<\/div>\n\t\t\t\t\t<\/div>\n\t\t\t\t<\/div>\n\t\t<div class=\"elementor-element elementor-element-9827aa8 e-flex e-con-boxed e-con e-parent\" data-id=\"9827aa8\" data-element_type=\"container\" data-e-type=\"container\">\n\t\t\t\t\t<div class=\"e-con-inner\">\n\t\t\t\t<div class=\"elementor-element elementor-element-1dd8b49 elementor-button-align-stretch elementor-widget elementor-widget-form\" data-id=\"1dd8b49\" data-element_type=\"widget\" data-e-type=\"widget\" data-settings=\"{&quot;step_next_label&quot;:&quot;Next&quot;,&quot;step_previous_label&quot;:&quot;Previous&quot;,&quot;button_width&quot;:&quot;100&quot;,&quot;step_type&quot;:&quot;number_text&quot;,&quot;step_icon_shape&quot;:&quot;circle&quot;}\" data-widget_type=\"form.default\">\n\t\t\t\t\t\t\t<form class=\"elementor-form\" method=\"post\" name=\"New Form\" aria-label=\"New Form\">\n\t\t\t<input type=\"hidden\" name=\"post_id\" value=\"3174\"\/>\n\t\t\t<input type=\"hidden\" name=\"form_id\" value=\"1dd8b49\"\/>\n\t\t\t<input type=\"hidden\" name=\"referer_title\" value=\"Gewinnspiel\" \/>\n\n\t\t\t\t\t\t\t<input type=\"hidden\" name=\"queried_id\" value=\"3174\"\/>\n\t\t\t\n\t\t\t<div class=\"elementor-form-fields-wrapper elementor-labels-above\">\n\t\t\t\t\t\t\t\t<div class=\"elementor-field-type-text elementor-field-group elementor-column elementor-field-group-name elementor-col-100 elementor-field-required elementor-mark-required\">\n\t\t\t\t\t\t\t\t\t\t\t\t<label for=\"form-field-name\" class=\"elementor-field-label\">\n\t\t\t\t\t\t\t\tVorname\t\t\t\t\t\t\t<\/label>\n\t\t\t\t\t\t\t\t\t\t\t\t\t\t<input size=\"1\" type=\"text\" name=\"form_fields[name]\" id=\"form-field-name\" class=\"elementor-field elementor-size-sm  elementor-field-textual\" placeholder=\"Vorname\" required=\"required\">\n\t\t\t\t\t\t\t\t\t\t\t<\/div>\n\t\t\t\t\t\t\t\t<div class=\"elementor-field-type-textarea elementor-field-group elementor-column elementor-field-group-message elementor-col-100 elementor-field-required elementor-mark-required\">\n\t\t\t\t\t\t\t\t\t\t\t\t<label for=\"form-field-message\" class=\"elementor-field-label\">\n\t\t\t\t\t\t\t\tNachname\t\t\t\t\t\t\t<\/label>\n\t\t\t\t\t\t<textarea class=\"elementor-field-textual elementor-field  elementor-size-sm\" name=\"form_fields[message]\" id=\"form-field-message\" rows=\"4\" placeholder=\"Nachname\" required=\"required\"><\/textarea>\t\t\t\t<\/div>\n\t\t\t\t\t\t\t\t<div class=\"elementor-field-type-text elementor-field-group elementor-column elementor-field-group-field_9aa965a elementor-col-100 elementor-field-required elementor-mark-required\">\n\t\t\t\t\t\t\t\t\t\t\t\t<label for=\"form-field-field_9aa965a\" class=\"elementor-field-label\">\n\t\t\t\t\t\t\t\tStrasse\t\t\t\t\t\t\t<\/label>\n\t\t\t\t\t\t\t\t\t\t\t\t\t\t<input size=\"1\" type=\"text\" name=\"form_fields[field_9aa965a]\" id=\"form-field-field_9aa965a\" class=\"elementor-field elementor-size-sm  elementor-field-textual\" placeholder=\"Strasse\" required=\"required\">\n\t\t\t\t\t\t\t\t\t\t\t<\/div>\n\t\t\t\t\t\t\t\t<div class=\"elementor-field-type-text elementor-field-group elementor-column elementor-field-group-field_9605da7 elementor-col-100 elementor-field-required elementor-mark-required\">\n\t\t\t\t\t\t\t\t\t\t\t\t<label for=\"form-field-field_9605da7\" class=\"elementor-field-label\">\n\t\t\t\t\t\t\t\tPLZ + Ort\t\t\t\t\t\t\t<\/label>\n\t\t\t\t\t\t\t\t\t\t\t\t\t\t<input size=\"1\" type=\"text\" name=\"form_fields[field_9605da7]\" id=\"form-field-field_9605da7\" class=\"elementor-field elementor-size-sm  elementor-field-textual\" placeholder=\"PLZ + Ort\" required=\"required\">\n\t\t\t\t\t\t\t\t\t\t\t<\/div>\n\t\t\t\t\t\t\t\t<div class=\"elementor-field-type-email elementor-field-group elementor-column elementor-field-group-email elementor-col-100 elementor-field-required elementor-mark-required\">\n\t\t\t\t\t\t\t\t\t\t\t\t<label for=\"form-field-email\" class=\"elementor-field-label\">\n\t\t\t\t\t\t\t\tEmail\t\t\t\t\t\t\t<\/label>\n\t\t\t\t\t\t\t\t\t\t\t\t\t\t<input size=\"1\" type=\"email\" name=\"form_fields[email]\" id=\"form-field-email\" class=\"elementor-field elementor-size-sm  elementor-field-textual\" placeholder=\"Email\" required=\"required\">\n\t\t\t\t\t\t\t\t\t\t\t<\/div>\n\t\t\t\t\t\t\t\t<div class=\"elementor-field-type-text elementor-field-group elementor-column elementor-field-group-field_9b9be44 elementor-col-100 elementor-field-required elementor-mark-required\">\n\t\t\t\t\t\t\t\t\t\t\t\t<label for=\"form-field-field_9b9be44\" class=\"elementor-field-label\">\n\t\t\t\t\t\t\t\tHeimat Golfclub\t\t\t\t\t\t\t<\/label>\n\t\t\t\t\t\t\t\t\t\t\t\t\t\t<input size=\"1\" type=\"text\" name=\"form_fields[field_9b9be44]\" id=\"form-field-field_9b9be44\" class=\"elementor-field elementor-size-sm  elementor-field-textual\" placeholder=\"Heimat Golfclub\" required=\"required\">\n\t\t\t\t\t\t\t\t\t\t\t<\/div>\n\t\t\t\t\t\t\t\t<div class=\"elementor-field-type-acceptance elementor-field-group elementor-column elementor-field-group-field_90bf376 elementor-col-100 elementor-field-required elementor-mark-required\">\n\t\t\t\t\t\t\t<div class=\"elementor-field-subgroup\">\n\t\t\t<span class=\"elementor-field-option\">\n\t\t\t\t<input type=\"checkbox\" name=\"form_fields[field_90bf376]\" id=\"form-field-field_90bf376\" class=\"elementor-field elementor-size-sm  elementor-acceptance-field\" required=\"required\">\n\t\t\t\t<label for=\"form-field-field_90bf376\">Mitmachen und gewinnen!\nHiermit akzeptiere ich die Gewinnspiel Teilnahmebedingungen. \n\nDie Verlosung erfolgt unter Ausschluss des\nRechtsweges am 15. April 2026.\nDie Gewinner werden im Internet ver\u00f6ffentlicht.\nDie Teilnahmebedingungen finden Sie auf der Website im unteren Bereich unter www.golflandcard.de\/gewinnspiel.<\/label>\t\t\t<\/span>\n\t\t<\/div>\n\t\t\t\t\t\t<\/div>\n\t\t\t\t\t\t\t\t<div class=\"elementor-field-group elementor-column elementor-field-type-submit elementor-col-100 e-form__buttons\">\n\t\t\t\t\t<button class=\"elementor-button elementor-size-sm\" type=\"submit\">\n\t\t\t\t\t\t<span class=\"elementor-button-content-wrapper\">\n\t\t\t\t\t\t\t\t\t\t\t\t\t\t\t\t\t\t\t\t\t\t<span class=\"elementor-button-text\">Abschicken<\/span>\n\t\t\t\t\t\t\t\t\t\t\t\t\t<\/span>\n\t\t\t\t\t<\/button>\n\t\t\t\t<\/div>\n\t\t\t<\/div>\n\t\t<\/form>\n\t\t\t\t\t\t<\/div>\n\t\t\t\t\t<\/div>\n\t\t\t\t<\/div>\n\t\t<div class=\"elementor-element elementor-element-b8beea7 e-flex e-con-boxed e-con e-parent\" data-id=\"b8beea7\" data-element_type=\"container\" data-e-type=\"container\">\n\t\t\t\t\t<div class=\"e-con-inner\">\n\t\t\t\t<div class=\"elementor-element elementor-element-14202c8 elementor-widget elementor-widget-text-editor\" data-id=\"14202c8\" data-element_type=\"widget\" data-e-type=\"widget\" data-widget_type=\"text-editor.default\">\n\t\t\t\t\t\t\t\t\t<div style=\"font-size: 12px; line-height: 1.2; color: #000000; font-family: Arial, Helvetica, sans-serif;\"><p><span style=\"color: #333333;\"><strong>Teilnahmebedingungen f\u00fcr das Messe-Gewinnspiel der Interessengemeinschaft GolflandCard<\/strong><\/span><\/p><p><span style=\"color: #333333;\"><strong>Veranstalter<\/strong><\/span><br \/><span style=\"color: #333333;\">Interessengemeinschaft GolflandCard<\/span><\/p><p><span style=\"color: #333333;\"><strong>1. Teilnahme<\/strong><\/span><br \/><span style=\"color: #333333;\">Die Teilnahme ist kostenlos und ab 18 Jahren m\u00f6glich. Mitarbeiter der Interessengemeinschaft GolflandCard sowie der beteiligten Messepartner sind ausgeschlossen.<\/span><\/p><p><span style=\"color: #333333;\"><strong>2. Gewinnspielzeitraum<\/strong><\/span><br \/><span style=\"color: #333333;\">Golf Messe M\u00fcnchen vom 06.\u201308. Februar 2026. Teilnahmeschluss ist der 08.02.2026 um 17:00 Uhr.<\/span><\/p><p><span style=\"color: #333333;\"><strong>3. Gewinne<\/strong><\/span><br \/><span style=\"color: #333333;\">Verlost werden insgesamt 50 Preise, darunter Hotelaufenthalte im Bayerischen Wald, GolflandCards und Greenfees. Eine Barauszahlung ist ausgeschlossen.<\/span><\/p><p><span style=\"color: #333333;\"><strong>4. Gewinnerermittlung<\/strong><\/span><br \/><span style=\"color: #333333;\">Die Gewinner werden nach Messeende per Zufallsprinzip ermittelt und per E-Mail benachrichtigt. Erfolgt innerhalb von 14 Tagen keine R\u00fcckmeldung, verf\u00e4llt der Gewinn.<\/span><\/p><p><span style=\"color: #333333;\"><strong>5. Datenschutz<\/strong><\/span><br \/><span style=\"color: #333333;\">Mit der Teilnahme erkl\u00e4rt sich der Teilnehmer einverstanden, dass seine personenbezogenen Daten (Name, E-Mail-Adresse) von der Interessengemeinschaft GolflandCard gespeichert, verarbeitet und an die teilnehmenden Messemitglieder der Interessengemeinschaft GolflandCard zum Zwecke der Kontaktaufnahme weitergegeben werden d\u00fcrfen.<\/span><br \/><span style=\"color: #333333;\">Zudem erkl\u00e4rt sich der Teilnehmer einverstanden, nach der Messe per E-Mail kontaktiert zu werden (z. B. Informationen zu Angeboten).<\/span><\/p><p><span style=\"color: #333333;\"><strong>6. Widerruf<\/strong><\/span><br \/><span style=\"color: #333333;\">Die Einwilligung kann jederzeit widerrufen werden. Jede E-Mail enth\u00e4lt einen Abmelde-Link.<\/span><\/p><p><span style=\"color: #333333;\"><strong>7. Haftung<\/strong><\/span><br \/><span style=\"color: #333333;\">Keine Haftung f\u00fcr technische St\u00f6rungen oder Daten\u00fcbertragungsfehler.<\/span><\/p><p><span style=\"color: #333333;\"><strong>8. Sonstiges<\/strong><\/span><br \/><span style=\"color: #333333;\">Der Rechtsweg ist ausgeschlossen. Es gilt deutsches Recht.<\/span><\/p><\/div>\t\t\t\t\t\t\t\t<\/div>\n\t\t\t\t\t<\/div>\n\t\t\t\t<\/div>\n\t\t\t\t<\/div>\n\t\t","protected":false},"excerpt":{"rendered":"<p>\ud83c\udf89 Gro\u00dfes Messegewinnspiel \u2013 50 tolle Preise! \ud83c\udf89 Machen Sie mit bei unserem gro\u00dfen Messegewinnspiel direkt an unserem Stand und sichern Sie sich die Chance auf 50 attraktive Preise, darunter: Hotelaufenthalte im Bayerischen Wald GolflandCards Greenfees auf wundersch\u00f6nen Golfanlagen Vorbeikommen, teilnehmen und mit etwas Gl\u00fcck gewinnen! Teilnahmebedingungen f\u00fcr das Messe-Gewinnspiel der Interessengemeinschaft GolflandCard VeranstalterInteressengemeinschaft GolflandCard [&hellip;]<\/p>\n","protected":false},"author":1,"featured_media":0,"parent":0,"menu_order":0,"comment_status":"closed","ping_status":"closed","template":"","meta":{"_acf_changed":false,"footnotes":""},"class_list":["post-3174","page","type-page","status-publish","hentry"],"acf":[],"_links":{"self":[{"href":"https:\/\/golflandcard.de\/en\/wp-json\/wp\/v2\/pages\/3174","targetHints":{"allow":["GET"]}}],"collection":[{"href":"https:\/\/golflandcard.de\/en\/wp-json\/wp\/v2\/pages"}],"about":[{"href":"https:\/\/golflandcard.de\/en\/wp-json\/wp\/v2\/types\/page"}],"author":[{"embeddable":true,"href":"https:\/\/golflandcard.de\/en\/wp-json\/wp\/v2\/users\/1"}],"replies":[{"embeddable":true,"href":"https:\/\/golflandcard.de\/en\/wp-json\/wp\/v2\/comments?post=3174"}],"version-history":[{"count":0,"href":"https:\/\/golflandcard.de\/en\/wp-json\/wp\/v2\/pages\/3174\/revisions"}],"wp:attachment":[{"href":"https:\/\/golflandcard.de\/en\/wp-json\/wp\/v2\/media?parent=3174"}],"curies":[{"name":"wp","href":"https:\/\/api.w.org\/{rel}","templated":true}]}}