{"id":220,"date":"2025-10-21T18:42:51","date_gmt":"2025-10-21T18:42:51","guid":{"rendered":"https:\/\/golflandcard.de\/?page_id=220"},"modified":"2025-10-21T18:46:05","modified_gmt":"2025-10-21T18:46:05","slug":"impronta","status":"publish","type":"page","link":"https:\/\/golflandcard.de\/it\/impronta\/","title":{"rendered":"impronta"},"content":{"rendered":"<div data-elementor-type=\"wp-page\" data-elementor-id=\"220\" class=\"elementor elementor-220\" data-elementor-post-type=\"page\">\n\t\t\t\t<div class=\"elementor-element elementor-element-236f68bf e-flex e-con-boxed e-con e-parent\" data-id=\"236f68bf\" data-element_type=\"container\" data-e-type=\"container\">\n\t\t\t\t\t<div class=\"e-con-inner\">\n\t\t\t\t<div class=\"elementor-element elementor-element-7d900919 elementor-widget elementor-widget-text-editor\" data-id=\"7d900919\" data-element_type=\"widget\" data-e-type=\"widget\" data-widget_type=\"text-editor.default\">\n\t\t\t\t\t\t\t\t\t<section>\n<div class=\"container\">\n<div>\n<h1>impronta<\/h1>\n<\/div>\n<\/div>\n<\/section>\n<section class=\"layout-pt-xs layout-pb-md\">\n<div class=\"animated\" data-anim-wrap=\"\">\n<div class=\"container\">\n<div class=\"row justify-content-between\">\n<div class=\"col-md\">\n<p>First Class Golf GmbH &amp; Co. KG<br \/>Hangweg 9<br \/>93138 Lappersdorf \/ Hainsacker<\/p>\n<p>Registro delle Imprese: HRA 8983<br \/>Registro delle imprese: Ratisbona<\/p>\n<p><strong>Rappresentanza \/ Rappresentato da \/ Management<\/strong><\/p>\n<p>First Class Golf GmbH &amp; Co. KG \u00e8 rappresentata dal suo socio accomandatario, First Class Golf Verwaltungs GmbH (Tribunale del Registro delle Imprese: Regensburg; Numero di Registro: HRB 14093), a sua volta rappresentata dal suo amministratore delegato Christina Lohrentz, entrambe con sede in Hangweg 9, 93138 Lappersorf.<\/p>\n<h2>contatto<\/h2>\n<p>Telefono: 0941 46521466<br \/>Fax: 0941 8702889<br \/>Email: info@first-class-golf.com<\/p>\n<h2>Partita IVA<\/h2>\n<p>Partita IVA ai sensi dell&#039;articolo 27a della legge tedesca sull&#039;IVA:<br \/>DE815489567<\/p>\n<h2>Risoluzione delle controversie nell&#039;UE<\/h2>\n<p>La Commissione europea mette a disposizione una piattaforma per la risoluzione delle controversie online (ODR): <a href=\"https:\/\/ec.europa.eu\/consumers\/odr\/\" target=\"_blank\" rel=\"noopener noreferrer\">https:\/\/ec.europa.eu\/consumers\/odr\/<\/a>.<br \/>Il nostro indirizzo email \u00e8 riportato nell&#039;informativa legale qui sopra.<\/p>\n<h2>Risoluzione delle controversie dei consumatori\/Organismo di arbitrato universale<\/h2>\n<p>Non siamo n\u00e9 disposti n\u00e9 obbligati a partecipare a procedimenti di risoluzione delle controversie dinanzi a un organismo di arbitrato per i consumatori.<\/p>\n<h2>Fonti delle immagini e della grafica utilizzate:<\/h2>\n<p>Agenzie fotografiche: Fotolia, Stock Photo, Shutterstock<br \/>Diritti d&#039;immagine: Christina Lohrentz, <br \/>Le immagini sono fornite dagli hotel, campi da golf, scuole di golf e golf club pubblicizzati.<\/p>\n<\/div>\n<\/div>\n<\/div>\n<\/div>\n<\/section>\t\t\t\t\t\t\t\t<\/div>\n\t\t\t\t\t<\/div>\n\t\t\t\t<\/div>\n\t\t\t\t<\/div>","protected":false},"excerpt":{"rendered":"<p>Impressum First Class Golf GmbH &amp; Co. KGHangweg 993138 Lappersdorf \/ Hainsacker Handelsregister: HRA 8983Registergericht: Regensburg Vertretung \/ Vertreten durch \/ Gesch\u00e4ftsf\u00fchrung Die First Class Golf GmbH &amp; Co. KG wird vertreten durch deren pers\u00f6nlich haftende Gesellschafterin, die First Class Golf Verwaltungs GmbH (Registergericht: Regensburg; Registernummer: HRB 14093), diese wiederum wird vertreten durch die Gesch\u00e4ftsf\u00fchrerin [&hellip;]<\/p>\n","protected":false},"author":1,"featured_media":0,"parent":0,"menu_order":0,"comment_status":"closed","ping_status":"closed","template":"","meta":{"_acf_changed":false,"footnotes":""},"class_list":["post-220","page","type-page","status-publish","hentry"],"acf":[],"_links":{"self":[{"href":"https:\/\/golflandcard.de\/it\/wp-json\/wp\/v2\/pages\/220","targetHints":{"allow":["GET"]}}],"collection":[{"href":"https:\/\/golflandcard.de\/it\/wp-json\/wp\/v2\/pages"}],"about":[{"href":"https:\/\/golflandcard.de\/it\/wp-json\/wp\/v2\/types\/page"}],"author":[{"embeddable":true,"href":"https:\/\/golflandcard.de\/it\/wp-json\/wp\/v2\/users\/1"}],"replies":[{"embeddable":true,"href":"https:\/\/golflandcard.de\/it\/wp-json\/wp\/v2\/comments?post=220"}],"version-history":[{"count":0,"href":"https:\/\/golflandcard.de\/it\/wp-json\/wp\/v2\/pages\/220\/revisions"}],"wp:attachment":[{"href":"https:\/\/golflandcard.de\/it\/wp-json\/wp\/v2\/media?parent=220"}],"curies":[{"name":"wp","href":"https:\/\/api.w.org\/{rel}","templated":true}]}}