{"id":3170,"date":"2026-01-10T20:01:04","date_gmt":"2026-01-10T20:01:04","guid":{"rendered":"https:\/\/golflandcard.de\/?page_id=3170"},"modified":"2026-04-15T14:28:06","modified_gmt":"2026-04-15T14:28:06","slug":"eroi-del-golf","status":"publish","type":"page","link":"https:\/\/golflandcard.de\/it\/eroi-del-golf\/","title":{"rendered":"GOLFHEROES"},"content":{"rendered":"<div data-elementor-type=\"wp-page\" data-elementor-id=\"3170\" class=\"elementor elementor-3170\" data-elementor-post-type=\"page\">\n\t\t\t\t<div class=\"elementor-element elementor-element-627b86d e-flex e-con-boxed e-con e-parent\" data-id=\"627b86d\" data-element_type=\"container\" data-e-type=\"container\">\n\t\t\t\t\t<div class=\"e-con-inner\">\n\t\t<div class=\"elementor-element elementor-element-272d4d8 e-con-full e-flex e-con e-child\" data-id=\"272d4d8\" data-element_type=\"container\" data-e-type=\"container\">\n\t\t\t\t<div class=\"elementor-element elementor-element-21c3977 elementor-widget elementor-widget-image\" data-id=\"21c3977\" data-element_type=\"widget\" data-e-type=\"widget\" data-widget_type=\"image.default\">\n\t\t\t\t\t\t\t\t\t\t\t\t\t\t\t<img fetchpriority=\"high\" decoding=\"async\" width=\"205\" height=\"246\" src=\"https:\/\/golflandcard.de\/wp-content\/uploads\/2026\/01\/images-1-1.png\" class=\"attachment-medium size-medium wp-image-3173\" alt=\"\" srcset=\"https:\/\/golflandcard.de\/wp-content\/uploads\/2026\/01\/images-1-1.png 205w, https:\/\/golflandcard.de\/wp-content\/uploads\/2026\/01\/images-1-1-10x12.png 10w\" sizes=\"(max-width: 205px) 100vw, 205px\" \/>\t\t\t\t\t\t\t\t\t\t\t\t\t\t\t<\/div>\n\t\t\t\t<\/div>\n\t\t<div class=\"elementor-element elementor-element-bb3dd8f e-con-full e-flex e-con e-child\" data-id=\"bb3dd8f\" data-element_type=\"container\" data-e-type=\"container\">\n\t\t\t\t<div class=\"elementor-element elementor-element-439b5975 elementor-widget__width-initial elementor-widget elementor-widget-text-editor\" data-id=\"439b5975\" data-element_type=\"widget\" data-e-type=\"widget\" data-widget_type=\"text-editor.default\">\n\t\t\t\t\t\t\t\t\t<h5 data-section-id=\"1th2zii\" data-start=\"63\" data-end=\"101\"><span style=\"color: #1d8a1f;\" role=\"text\"><strong data-start=\"67\" data-end=\"101\">Per i richiedenti della GolflandCard<\/strong><\/span><\/h5><p data-start=\"103\" data-end=\"162\"><strong data-start=\"103\" data-end=\"162\">Golf Heroes \u2013 una community per i veri amanti del golf<\/strong><\/p><p data-start=\"164\" data-end=\"296\">Il golf \u00e8 molto pi\u00f9 di un semplice sport: \u00e8 passione, scambio ed esperienze condivise. Ed \u00e8 proprio qui che entra in gioco Golf Heroes.<\/p><p data-start=\"298\" data-end=\"543\">Nell&#039;ambito della nostra collaborazione con GolflandCard, desideriamo raccomandare espressamente questa speciale associazione. Golf Heroes mette in contatto golfisti che apprezzano la comunit\u00e0, gli eventi di alta qualit\u00e0 e le esperienze eccezionali.<\/p><p data-start=\"545\" data-end=\"895\">Incontri regolari, viaggi di golf esclusivi e tornei superbamente organizzati offrono numerose opportunit\u00e0 per creare una rete di contatti e godersi il golf al suo meglio. Anche l&#039;aspetto sociale \u00e8 parte integrante dell&#039;esperienza. <strong data-start=\"791\" data-end=\"845\">La beneficenza \u00e8 parte integrante delle attivit\u00e0<\/strong> e rende l&#039;iscrizione ancora pi\u00f9 preziosa.<\/p><p data-start=\"897\" data-end=\"1035\">Solo per <strong data-start=\"911\" data-end=\"928\">50 euro all&#039;anno<\/strong> Entra a far parte di questa comunit\u00e0 speciale e beneficia di una rete attiva di persone con interessi simili.<\/p><p data-start=\"1037\" data-end=\"1141\">\ud83d\udc49 Il nostro consiglio: diventa membro di Golf Heroes e vivi il golf in una nuova dimensione.<\/p>\t\t\t\t\t\t\t\t<\/div>\n\t\t\t\t<div class=\"elementor-element elementor-element-b5d2871 elementor-widget elementor-widget-button\" data-id=\"b5d2871\" data-element_type=\"widget\" data-e-type=\"widget\" data-widget_type=\"button.default\">\n\t\t\t\t\t\t\t\t\t\t<a class=\"elementor-button elementor-button-link elementor-size-sm\" href=\"https:\/\/www.golfheroes.de\/wp-content\/uploads\/2019\/08\/GolfHeroes-Mitgliedsantrag16.pdf\">\n\t\t\t\t\t\t<span class=\"elementor-button-content-wrapper\">\n\t\t\t\t\t\t\t\t\t<span class=\"elementor-button-text\">Clicca qui per il modulo di iscrizione. <\/span>\n\t\t\t\t\t<\/span>\n\t\t\t\t\t<\/a>\n\t\t\t\t\t\t\t\t<\/div>\n\t\t\t\t<\/div>\n\t\t\t\t\t<\/div>\n\t\t\t\t<\/div>\n\t\t<div class=\"elementor-element elementor-element-44d8a94 e-flex e-con-boxed e-con e-parent\" data-id=\"44d8a94\" data-element_type=\"container\" data-e-type=\"container\">\n\t\t\t\t\t<div class=\"e-con-inner\">\n\t\t\t\t<div class=\"elementor-element elementor-element-546042c elementor-widget elementor-widget-spacer\" data-id=\"546042c\" data-element_type=\"widget\" data-e-type=\"widget\" data-widget_type=\"spacer.default\">\n\t\t\t\t\t\t\t<div class=\"elementor-spacer\">\n\t\t\t<div class=\"elementor-spacer-inner\"><\/div>\n\t\t<\/div>\n\t\t\t\t\t\t<\/div>\n\t\t\t\t\t<\/div>\n\t\t\t\t<\/div>\n\t\t<div class=\"elementor-element elementor-element-60cd2eb e-flex e-con-boxed e-con e-parent\" data-id=\"60cd2eb\" data-element_type=\"container\" data-e-type=\"container\">\n\t\t\t\t\t<div class=\"e-con-inner\">\n\t\t<div class=\"elementor-element elementor-element-3a4e8a7 e-con-full e-flex e-con e-child\" data-id=\"3a4e8a7\" data-element_type=\"container\" data-e-type=\"container\">\n\t\t\t\t<div class=\"elementor-element elementor-element-fbd714b elementor-widget elementor-widget-image\" data-id=\"fbd714b\" data-element_type=\"widget\" data-e-type=\"widget\" data-widget_type=\"image.default\">\n\t\t\t\t\t\t\t\t\t\t\t\t\t\t\t<img decoding=\"async\" width=\"284\" height=\"300\" src=\"https:\/\/golflandcard.de\/wp-content\/uploads\/2026\/04\/313108a1-c3e0-4432-878e-766148ca3df8-284x300.png\" class=\"attachment-medium size-medium wp-image-3298\" alt=\"\" srcset=\"https:\/\/golflandcard.de\/wp-content\/uploads\/2026\/04\/313108a1-c3e0-4432-878e-766148ca3df8-284x300.png 284w, https:\/\/golflandcard.de\/wp-content\/uploads\/2026\/04\/313108a1-c3e0-4432-878e-766148ca3df8-969x1024.png 969w, https:\/\/golflandcard.de\/wp-content\/uploads\/2026\/04\/313108a1-c3e0-4432-878e-766148ca3df8-768x811.png 768w, https:\/\/golflandcard.de\/wp-content\/uploads\/2026\/04\/313108a1-c3e0-4432-878e-766148ca3df8-11x12.png 11w, https:\/\/golflandcard.de\/wp-content\/uploads\/2026\/04\/313108a1-c3e0-4432-878e-766148ca3df8.png 1220w\" sizes=\"(max-width: 284px) 100vw, 284px\" \/>\t\t\t\t\t\t\t\t\t\t\t\t\t\t\t<\/div>\n\t\t\t\t<\/div>\n\t\t<div class=\"elementor-element elementor-element-80ee415 e-con-full e-flex e-con e-child\" data-id=\"80ee415\" data-element_type=\"container\" data-e-type=\"container\">\n\t\t\t\t<div class=\"elementor-element elementor-element-22e289f elementor-widget__width-initial elementor-widget elementor-widget-text-editor\" data-id=\"22e289f\" data-element_type=\"widget\" data-e-type=\"widget\" data-widget_type=\"text-editor.default\">\n\t\t\t\t\t\t\t\t\t<h5 style=\"caret-color: #000000; color: #000000;\" data-section-id=\"1vja2o9\" data-start=\"1148\" data-end=\"1193\"><span style=\"color: #008000;\" role=\"text\"><strong data-start=\"1152\" data-end=\"1193\">Per i membri esistenti di Golf Heroes<\/strong><\/span><\/h5><p style=\"caret-color: #000000; color: #000000;\" data-start=\"1195\" data-end=\"1261\"><span style=\"color: #808080;\"><strong data-start=\"1195\" data-end=\"1261\">Vantaggi esclusivi per i membri Golf Heroes con GolflandCard<\/strong><\/span><\/p><p style=\"caret-color: #000000; color: #000000;\" data-start=\"1263\" data-end=\"1394\"><span style=\"color: #808080;\">In qualit\u00e0 di membro di Golf Heroes, potrai beneficiare di ulteriori vantaggi esclusivi grazie alla collaborazione con GolflandCard.<\/span><\/p><p style=\"caret-color: #000000; color: #000000;\" data-start=\"1396\" data-end=\"1496\"><span style=\"color: #808080;\">Oltre alle offerte gi\u00e0 disponibili, si apre per te un mondo ancora pi\u00f9 ampio di sconti:<\/span><\/p><ul style=\"caret-color: #000000; color: #000000;\" data-start=\"1498\" data-end=\"1606\"><li data-section-id=\"lmdo5z\" data-start=\"1498\" data-end=\"1525\"><span style=\"color: #808080;\">sconti interessanti<\/span><\/li><li data-section-id=\"dwd27y\" data-start=\"1526\" data-end=\"1554\"><span style=\"color: #808080;\">offerte speciali esclusive<\/span><\/li><li data-section-id=\"r7ix21\" data-start=\"1555\" data-end=\"1606\"><span style=\"color: #808080;\">percentuali aggiuntive su servizi selezionati<\/span><\/li><\/ul><p style=\"caret-color: #000000; color: #000000;\" data-start=\"1608\" data-end=\"1763\"><span style=\"color: #808080;\">Questi vantaggi speciali fanno parte di un\u00a0<strong data-start=\"1650\" data-end=\"1683\">ambiente esclusivo per i membri<\/strong>, che \u00e8 progettato per aiutarti a sfruttare al meglio la tua GolflandCard.<\/span><\/p><p style=\"caret-color: #000000; color: #000000;\" data-start=\"1765\" data-end=\"2004\"><span style=\"color: #808080;\">L&#039;accesso fornito ti porter\u00e0 direttamente a\u00a0<strong data-start=\"1826\" data-end=\"1854\">Pagina segreta degli eroi del golf<\/strong>. Con la tua password personale, potrai accedere immediatamente a tutte le offerte esclusive e beneficiare direttamente dei vantaggi aggiuntivi.<\/span><\/p><p style=\"caret-color: #000000; color: #000000;\" data-start=\"2006\" data-end=\"2098\"><span style=\"color: #808080;\">\ud83d\udc49 Sfrutta subito il tuo accesso e scopri tutto il potenziale del tuo abbonamento.<\/span><\/p>\t\t\t\t\t\t\t\t<\/div>\n\t\t\t\t<\/div>\n\t\t\t\t\t<\/div>\n\t\t\t\t<\/div>\n\t\t<div class=\"elementor-element elementor-element-b537446 e-flex e-con-boxed e-con e-parent\" data-id=\"b537446\" data-element_type=\"container\" data-e-type=\"container\">\n\t\t\t\t\t<div class=\"e-con-inner\">\n\t\t\t\t<div class=\"elementor-element elementor-element-a106b0c elementor-widget elementor-widget-spacer\" data-id=\"a106b0c\" data-element_type=\"widget\" data-e-type=\"widget\" data-widget_type=\"spacer.default\">\n\t\t\t\t\t\t\t<div class=\"elementor-spacer\">\n\t\t\t<div class=\"elementor-spacer-inner\"><\/div>\n\t\t<\/div>\n\t\t\t\t\t\t<\/div>\n\t\t\t\t\t<\/div>\n\t\t\t\t<\/div>\n\t\t<div class=\"elementor-element elementor-element-5be469f e-flex e-con-boxed e-con e-parent\" data-id=\"5be469f\" data-element_type=\"container\" data-e-type=\"container\">\n\t\t\t\t\t<div class=\"e-con-inner\">\n\t\t\t\t<div class=\"elementor-element elementor-element-90e9574 elementor-widget elementor-widget-heading\" data-id=\"90e9574\" data-element_type=\"widget\" data-e-type=\"widget\" data-widget_type=\"heading.default\">\n\t\t\t\t\t<h4 class=\"elementor-heading-title elementor-size-default\">Clicca qui per accedere all&#039;area riservata ai membri.<\/h4>\t\t\t\t<\/div>\n\t\t\t\t\t<\/div>\n\t\t\t\t<\/div>\n\t\t<div class=\"elementor-element elementor-element-6204b62 e-flex e-con-boxed e-con e-parent\" data-id=\"6204b62\" data-element_type=\"container\" data-e-type=\"container\">\n\t\t\t\t\t<div class=\"e-con-inner\">\n\t\t\t\t<div class=\"elementor-element elementor-element-a78ca36 elementor-widget elementor-widget-image\" data-id=\"a78ca36\" data-element_type=\"widget\" data-e-type=\"widget\" data-widget_type=\"image.default\">\n\t\t\t\t\t\t\t\t\t\t\t\t\t\t\t\t<a href=\"https:\/\/golflandcard.de\/it\/membri-di-golfheroes\/\">\n\t\t\t\t\t\t\t<img decoding=\"async\" width=\"365\" height=\"215\" src=\"https:\/\/golflandcard.de\/wp-content\/uploads\/2026\/04\/ChatGPT-Image-15.-Apr.-2026-16_25_28-365x215.png\" class=\"attachment-wp_travel_thumbnail size-wp_travel_thumbnail wp-image-3297\" alt=\"\" srcset=\"https:\/\/golflandcard.de\/wp-content\/uploads\/2026\/04\/ChatGPT-Image-15.-Apr.-2026-16_25_28-365x215.png 365w, https:\/\/golflandcard.de\/wp-content\/uploads\/2026\/04\/ChatGPT-Image-15.-Apr.-2026-16_25_28-18x12.png 18w\" sizes=\"(max-width: 365px) 100vw, 365px\" \/>\t\t\t\t\t\t\t\t<\/a>\n\t\t\t\t\t\t\t\t\t\t\t\t\t\t\t<\/div>\n\t\t\t\t\t<\/div>\n\t\t\t\t<\/div>\n\t\t\t\t<\/div>","protected":false},"excerpt":{"rendered":"<p>F\u00fcr GolflandCard Interessenten Golf Heroes \u2013 eine Gemeinschaft f\u00fcr echte Golfliebhaber Golf ist weit mehr als nur ein Sport \u2013 es ist Leidenschaft, Austausch und gemeinsames Erleben. Genau hier setzen die Golf Heroes an. Im Rahmen der Kooperation mit der GolflandCard m\u00f6chten wir diese besondere Vereinigung ausdr\u00fccklich empfehlen. Die Golf Heroes verbinden Golferinnen und Golfer, [&hellip;]<\/p>\n","protected":false},"author":1,"featured_media":0,"parent":0,"menu_order":0,"comment_status":"closed","ping_status":"closed","template":"","meta":{"_acf_changed":false,"footnotes":""},"class_list":["post-3170","page","type-page","status-publish","hentry"],"acf":[],"_links":{"self":[{"href":"https:\/\/golflandcard.de\/it\/wp-json\/wp\/v2\/pages\/3170","targetHints":{"allow":["GET"]}}],"collection":[{"href":"https:\/\/golflandcard.de\/it\/wp-json\/wp\/v2\/pages"}],"about":[{"href":"https:\/\/golflandcard.de\/it\/wp-json\/wp\/v2\/types\/page"}],"author":[{"embeddable":true,"href":"https:\/\/golflandcard.de\/it\/wp-json\/wp\/v2\/users\/1"}],"replies":[{"embeddable":true,"href":"https:\/\/golflandcard.de\/it\/wp-json\/wp\/v2\/comments?post=3170"}],"version-history":[{"count":0,"href":"https:\/\/golflandcard.de\/it\/wp-json\/wp\/v2\/pages\/3170\/revisions"}],"wp:attachment":[{"href":"https:\/\/golflandcard.de\/it\/wp-json\/wp\/v2\/media?parent=3170"}],"curies":[{"name":"wp","href":"https:\/\/api.w.org\/{rel}","templated":true}]}}