{"id":3217,"date":"2026-02-03T16:25:16","date_gmt":"2026-02-03T16:25:16","guid":{"rendered":"https:\/\/golflandcard.de\/?page_id=3217"},"modified":"2026-02-04T13:04:53","modified_gmt":"2026-02-04T13:04:53","slug":"campeggio-in-camper","status":"publish","type":"page","link":"https:\/\/golflandcard.de\/it\/campeggio-in-camper\/","title":{"rendered":"Camper e campeggio"},"content":{"rendered":"<div data-elementor-type=\"wp-page\" data-elementor-id=\"3217\" class=\"elementor elementor-3217\" data-elementor-post-type=\"page\">\n\t\t\t\t<div class=\"elementor-element elementor-element-6a54c38b e-flex e-con-boxed e-con e-parent\" data-id=\"6a54c38b\" data-element_type=\"container\" data-e-type=\"container\">\n\t\t\t\t\t<div class=\"e-con-inner\">\n\t\t\t\t<div class=\"elementor-element elementor-element-15809449 elementor-widget elementor-widget-text-editor\" data-id=\"15809449\" data-element_type=\"widget\" data-e-type=\"widget\" data-widget_type=\"text-editor.default\">\n\t\t\t\t\t\t\t\t\t<p><img decoding=\"async\" class=\"size-medium wp-image-3218 aligncenter\" src=\"https:\/\/golflandcard.de\/wp-content\/uploads\/2026\/02\/1e91c6383e753f959524400b9c232ad7cb7a16f8-300x166.webp\" alt=\"\" width=\"300\" height=\"166\" srcset=\"https:\/\/golflandcard.de\/wp-content\/uploads\/2026\/02\/1e91c6383e753f959524400b9c232ad7cb7a16f8-300x166.webp 300w, https:\/\/golflandcard.de\/wp-content\/uploads\/2026\/02\/1e91c6383e753f959524400b9c232ad7cb7a16f8-1024x566.webp 1024w, https:\/\/golflandcard.de\/wp-content\/uploads\/2026\/02\/1e91c6383e753f959524400b9c232ad7cb7a16f8-768x424.webp 768w, https:\/\/golflandcard.de\/wp-content\/uploads\/2026\/02\/1e91c6383e753f959524400b9c232ad7cb7a16f8-18x10.webp 18w, https:\/\/golflandcard.de\/wp-content\/uploads\/2026\/02\/1e91c6383e753f959524400b9c232ad7cb7a16f8.webp 1500w\" sizes=\"(max-width: 300px) 100vw, 300px\" \/><\/p><h4><span style=\"color: #1c7042;\">Viaggi di golf in camper<\/span><\/h4><p><strong style=\"color: #4f6b5e;\">L&#039;offerta giusta per ogni golfista<\/strong><\/p><p>Golf, viaggi e risparmio allo stesso tempo: con i viaggi di golf di<br \/><strong style=\"color: #4f6b5e;\">Campeggio AVP<\/strong> Potrete combinare camper di alta qualit\u00e0 con splendide regioni golfistiche in Germania, Austria e Repubblica Ceca: flessibilit\u00e0, comfort e un&#039;organizzazione impeccabile.<\/p><p>\ud83d\udc49 <strong style=\"color: #f18a5d;\">Noleggia subito il camper dei tuoi sogni e inizia la tua vacanza all&#039;insegna del golf!<\/strong><\/p><h4><span style=\"color: #1c7042;\">Golf a met\u00e0 prezzo: viaggia in un&#039;auto da sogno.<\/span><\/h4><p>Grazie al <strong style=\"color: #4f6b5e;\">GolflandCard<\/strong> Potrai usufruire di questo servizio in tutti i campi da golf aderenti all&#039;iniziativa.<br \/><strong style=\"color: #4f6b5e;\">Sconto fino al 50% sulla tariffa verde %<\/strong>.<br \/>Con un camper completamente attrezzato di AVP Campingland, la vostra vacanza all&#039;insegna del golf non solo sar\u00e0 pi\u00f9 rilassante, ma anche notevolmente pi\u00f9 economica.<\/p><p><strong style=\"color: #4f6b5e;\">I tuoi vantaggi in sintesi:<\/strong><\/p><ul><li>fino a <strong style=\"color: #4f6b5e;\">50 % Sconto sulla tassa verde<\/strong> in tutti i luoghi<\/li><li><strong style=\"color: #4f6b5e;\">20 % di sconto<\/strong> sul noleggio del camper (Codice: <strong style=\"color: #4f6b5e;\">GOLF20<\/strong>)<\/li><li>itinerari flessibili e pianificazione giornaliera personalizzata<\/li><li>camper comodi e moderni<\/li><li>Inizia e termina comodamente in <strong style=\"color: #4f6b5e;\">Zwiesel<\/strong><\/li><\/ul><p><span style=\"color: #1c7042;\">Partner AVP Campingland GolflandCard<\/span><\/p><h3><span style=\"color: #1c7042;\">La tua vacanza all&#039;insegna del golf inizia con noi, all&#039;AVP Campingland.<\/span><\/h3><p>Che si tratti di un camper compatto o di un comodo motorhome: a<br \/><strong style=\"color: #4f6b5e;\">Campeggio AVP a Zwiesel<\/strong> Trova il camper perfetto per la tua vacanza all&#039;insegna del golf: completamente attrezzato e preparato in ogni dettaglio.<\/p><p>Oltre al noleggio, ti assistiamo anche nell&#039;acquisto del tuo camper. Con marchi come<br \/><strong style=\"color: #4f6b5e;\">B\u00fcrstner<\/strong>,<br \/><strong style=\"color: #4f6b5e;\">Etrusco<\/strong> E<br \/><strong style=\"color: #4f6b5e;\">Knaus<\/strong>, Con consulenza personalizzata, servizio di officina, conversioni e ampliamenti, nonch\u00e9 accessori di alta qualit\u00e0, siamo al vostro fianco a lungo termine.<\/p><p>\u00a0<\/p><p>\u00a0<\/p><h3><span style=\"color: #1c7042;\">Viaggi in offerta speciale<\/span><\/h3><h4><span style=\"color: #1c7042;\">I nostri viaggi di golf: per ogni budget di tempo<\/span><\/h4><h4>\ud83c\udfcc\ufe0f <span style=\"color: #339966;\">Hole in One \u2013 3 giorni (offerta introduttiva)<\/span><\/h4><p><img fetchpriority=\"high\" decoding=\"async\" src=\"https:\/\/golflandcard.de\/wp-content\/uploads\/2026\/02\/Bildschirmfoto-2026-02-03-um-17.59.53-300x185.png\" width=\"300\" height=\"185\" \/><\/p><p><strong style=\"color: #4f6b5e;\">Zwiesel \u2013 G\u00e4uboden \u2013 Schlossberg \u2013 Bad Birnbach \u2013 Zwiesel<\/strong><br \/>Ideale per una breve vacanza all&#039;insegna del golf o per assaporare il mondo dei viaggi golfistici in camper.<\/p><h4>\u00a0<\/h4><h4>\ud83c\udfcc\ufe0f <span style=\"color: #339966;\">Birdie \u2013 5 giorni | Franconia e Boemia<\/span><\/h4><p><img decoding=\"async\" src=\"https:\/\/golflandcard.de\/wp-content\/uploads\/2026\/02\/Bildschirmfoto-2026-02-03-um-18.00.02-300x232.png\" width=\"300\" height=\"232\" \/><\/p><p><strong style=\"color: #4f6b5e;\">Zwiesel \u2013 G\u00e4uboden \u2013 Stiftland \u2013 Marienbad \u2013 Karlovy Vary \u2013 Alfredov \u2013 Zwiesel<\/strong><br \/>Diverse localit\u00e0, tradizionali citt\u00e0 termali e un tocco di golf internazionale.<\/p><h4>\u00a0<\/h4><h4>\ud83c\udfcc\ufe0f <span style=\"color: #339966;\">Bogey \u2013 4 giorni | Tour termale della Bassa Baviera<\/span><\/h4><p><img loading=\"lazy\" decoding=\"async\" src=\"https:\/\/golflandcard.de\/wp-content\/uploads\/2026\/02\/Bildschirmfoto-2026-02-03-um-18.00.08-300x236.png\" width=\"300\" height=\"236\" \/><\/p><p><strong style=\"color: #4f6b5e;\">Zwiesel \u2013 Sch\u00e4rding \u2013 Bad Birnbach \u2013 Schlossberg \u2013 G\u00e4uboden \u2013 Zwiesel<\/strong><br \/>Il piacere di giocare a golf si unisce al relax in rinomate zone termali e di benessere.<\/p><h4>\u00a0<\/h4><h4>\ud83c\udfcc\ufe0f<span style=\"color: #339966;\"> Aquila \u2013 4 giorni | Alta Austria<\/span><\/h4><p><img loading=\"lazy\" decoding=\"async\" src=\"https:\/\/golflandcard.de\/wp-content\/uploads\/2026\/02\/Bildschirmfoto-2026-02-03-um-18.00.15-300x184.png\" width=\"300\" height=\"184\" \/><\/p><p><strong style=\"color: #4f6b5e;\">Zwiesel \u2013 Regau \u2013 Kirchham \u2013 St. Oswald \u2013 Weitra \u2013 Zwiesel<\/strong><br \/>Paesaggi alpini, fairway impegnativi e distanze brevi.<\/p><h4>\u00a0<\/h4><h4>\ud83c\udfcc\ufe0f <span style=\"color: #339966;\">Albatros \u2013 4 giorni | Allg\u00e4u<\/span><\/h4><p><img loading=\"lazy\" decoding=\"async\" src=\"https:\/\/golflandcard.de\/wp-content\/uploads\/2026\/02\/Bildschirmfoto-2026-02-03-um-18.00.25-300x189.png\" width=\"300\" height=\"189\" \/><\/p><p><strong style=\"color: #4f6b5e;\">Zwiesel \u2013 Schlossberg \u2013 Oberstaufen \u2013 Kempten \u2013 Memmingen \u2013 Zwiesel<\/strong><br \/>Panorami mozzafiato e golf sullo sfondo di un paesaggio alpino.<\/p><h3>\u00a0<\/h3><h3><span style=\"color: #1c7042;\">La GolflandCard: la tua chiave per risparmiare<\/span><\/h3><p>Con la GolflandCard riceverai numerosi vantaggi<br \/><strong style=\"color: #4f6b5e;\">gratuito o a un piccolo costo<\/strong>, a seconda della localit\u00e0 e della regione.<\/p><p><strong style=\"color: #4f6b5e;\">Servizi tipici:<\/strong><\/p><ul><li>Posto auto<\/li><li>Bagno e doccia<\/li><li>asciugamani<\/li><li>Il ristorante offre<\/li><li>luoghi in cui sono ammessi i cani<\/li><\/ul><p>E la parte migliore:<br \/>\ud83d\udc49 <strong style=\"color: #f18a5d;\">50 % Sconto sul green fee presso tutti i campi da golf aderenti<\/strong><\/p><h4><span style=\"color: #1c7042;\">Assicuratevi la promozione in fiera<\/span><\/h4><p>\ud83c\udfaf <strong style=\"color: #4f6b5e;\">Sconto del 20% sul noleggio di camper.<\/strong><br \/>\ud83c\udfaf <strong style=\"color: #4f6b5e;\">GolflandCard inclusa<\/strong><\/p><p><strong style=\"color: #4f6b5e;\">Codice:<\/strong> <code>GOLF20<\/code><\/p><p>\ud83d\udc49 <strong style=\"color: #f18a5d;\">Noleggia subito il camper dei tuoi sogni e pianifica la tua vacanza all&#039;insegna del golf!<\/strong><\/p>\t\t\t\t\t\t\t\t<\/div>\n\t\t\t\t\t<\/div>\n\t\t\t\t<\/div>\n\t\t<div class=\"elementor-element elementor-element-3dd7e22 e-flex e-con-boxed e-con e-parent\" data-id=\"3dd7e22\" data-element_type=\"container\" data-e-type=\"container\">\n\t\t\t\t\t<div class=\"e-con-inner\">\n\t\t\t\t<div class=\"elementor-element elementor-element-f48c266 elementor-widget elementor-widget-text-editor\" data-id=\"f48c266\" data-element_type=\"widget\" data-e-type=\"widget\" data-widget_type=\"text-editor.default\">\n\t\t\t\t\t\t\t\t\t<h5>\u00a0<\/h5><h5 style=\"text-align: center;\"><span style=\"color: #339966;\">Clicca qui per visualizzare il catalogo AVP Camping Land\u00a0<\/span><\/h5>\t\t\t\t\t\t\t\t<\/div>\n\t\t\t\t\t<\/div>\n\t\t\t\t<\/div>\n\t\t<div class=\"elementor-element elementor-element-6617f07 e-flex e-con-boxed e-con e-parent\" data-id=\"6617f07\" data-element_type=\"container\" data-e-type=\"container\">\n\t\t\t\t\t<div class=\"e-con-inner\">\n\t\t\t\t<div class=\"elementor-element elementor-element-d7f3a69 elementor-align-center elementor-widget elementor-widget-button\" data-id=\"d7f3a69\" data-element_type=\"widget\" data-e-type=\"widget\" data-widget_type=\"button.default\">\n\t\t\t\t\t\t\t\t\t\t<a class=\"elementor-button elementor-button-link elementor-size-sm\" href=\"#\">\n\t\t\t\t\t\t<span class=\"elementor-button-content-wrapper\">\n\t\t\t\t\t\t\t\t\t<span class=\"elementor-button-text\">Scarica AVP Campinglang <\/span>\n\t\t\t\t\t<\/span>\n\t\t\t\t\t<\/a>\n\t\t\t\t\t\t\t\t<\/div>\n\t\t\t\t\t<\/div>\n\t\t\t\t<\/div>\n\t\t\t\t<\/div>","protected":false},"excerpt":{"rendered":"<p>Golf-Reisen mit dem Wohnmobil F\u00fcr jeden Golfer das passende Angebot Golfen, reisen und dabei sparen: Mit den Golf-Reisen vonAVP Campingland kombinierst du hochwertige Wohnmobile mit attraktiven Golfregionen in Deutschland, \u00d6sterreich und Tschechien \u2013 flexibel, komfortabel und bestens organisiert. \ud83d\udc49 Jetzt Traumcamper mieten &amp; Golfreise starten Zum halben Preis golfen \u2013 mit einem Traum-Mobil reisen Dank [&hellip;]<\/p>\n","protected":false},"author":1,"featured_media":0,"parent":0,"menu_order":0,"comment_status":"closed","ping_status":"closed","template":"","meta":{"_acf_changed":false,"footnotes":""},"class_list":["post-3217","page","type-page","status-publish","hentry"],"acf":[],"_links":{"self":[{"href":"https:\/\/golflandcard.de\/it\/wp-json\/wp\/v2\/pages\/3217","targetHints":{"allow":["GET"]}}],"collection":[{"href":"https:\/\/golflandcard.de\/it\/wp-json\/wp\/v2\/pages"}],"about":[{"href":"https:\/\/golflandcard.de\/it\/wp-json\/wp\/v2\/types\/page"}],"author":[{"embeddable":true,"href":"https:\/\/golflandcard.de\/it\/wp-json\/wp\/v2\/users\/1"}],"replies":[{"embeddable":true,"href":"https:\/\/golflandcard.de\/it\/wp-json\/wp\/v2\/comments?post=3217"}],"version-history":[{"count":0,"href":"https:\/\/golflandcard.de\/it\/wp-json\/wp\/v2\/pages\/3217\/revisions"}],"wp:attachment":[{"href":"https:\/\/golflandcard.de\/it\/wp-json\/wp\/v2\/media?parent=3217"}],"curies":[{"name":"wp","href":"https:\/\/api.w.org\/{rel}","templated":true}]}}